{"id":1776,"date":"2021-11-29T22:05:34","date_gmt":"2021-11-29T22:05:34","guid":{"rendered":"https:\/\/silly-tharp.51-68-189-225.plesk.page\/?page_id=1776"},"modified":"2021-12-03T18:24:53","modified_gmt":"2021-12-03T18:24:53","slug":"formation-sur-mesure-formation-en-entreprise","status":"publish","type":"page","link":"https:\/\/consord.tn\/index.php\/formation-sur-mesure-formation-en-entreprise\/","title":{"rendered":"Formation sur-mesure &#8211; Formation en entreprise"},"content":{"rendered":"<p>[et_pb_section fb_built=&#8221;1&#8243; admin_label=&#8221;Header&#8221; _builder_version=&#8221;4.14.0&#8243; use_background_color_gradient=&#8221;on&#8221; background_color_gradient_start=&#8221;rgba(0,19,46,0.6)&#8221; background_color_gradient_end=&#8221;rgba(0,19,46,0.6)&#8221; background_color_gradient_overlays_image=&#8221;on&#8221; background_image=&#8221;https:\/\/consord.tn\/wp-content\/uploads\/2021\/11\/financial-advisor-39.jpg&#8221; custom_margin=&#8221;||-111px|||&#8221; custom_padding=&#8221;8vw||8vw||true|false&#8221; locked=&#8221;off&#8221; global_colors_info=&#8221;{}&#8221;][et_pb_row _builder_version=&#8221;4.4.3&#8243; custom_margin=&#8221;-100px|auto||auto||&#8221; global_colors_info=&#8221;{}&#8221;][et_pb_column type=&#8221;4_4&#8243; _builder_version=&#8221;4.4.3&#8243; global_colors_info=&#8221;{}&#8221;][et_pb_text _builder_version=&#8221;4.14.2&#8243; header_2_font=&#8221;Darker Grotesque|900|||||||&#8221; header_2_font_size=&#8221;60px&#8221; text_orientation=&#8221;center&#8221; max_width=&#8221;700px&#8221; module_alignment=&#8221;center&#8221; header_2_font_size_tablet=&#8221;42px&#8221; header_2_font_size_phone=&#8221;30px&#8221; header_2_font_size_last_edited=&#8221;on|phone&#8221; locked=&#8221;off&#8221; global_colors_info=&#8221;{}&#8221;]<\/p>\n<h2><span style=\"color: #ffffff;\">\u00a0Formation sur mesure<\/span><\/h2>\n<h1 class=\"tt-2\"><\/h1>\n<p><span style=\"color: #ffffff;\">\u00a0<\/span><\/p>\n<p>[\/et_pb_text][\/et_pb_column][\/et_pb_row][\/et_pb_section][et_pb_section fb_built=&#8221;1&#8243; custom_padding_last_edited=&#8221;on|phone&#8221; admin_label=&#8221;Services&#8221; _builder_version=&#8221;4.14.0&#8243; background_image=&#8221;https:\/\/consord.tn\/wp-content\/uploads\/2021\/11\/financial-advisor-34.png&#8221; background_size=&#8221;initial&#8221; custom_padding=&#8221;||8vw||false|false&#8221; custom_padding_tablet=&#8221;0px||||false|false&#8221; custom_padding_phone=&#8221;&#8221; global_colors_info=&#8221;{}&#8221;][et_pb_row _builder_version=&#8221;4.4.3&#8243; global_colors_info=&#8221;{}&#8221;][et_pb_column type=&#8221;4_4&#8243; _builder_version=&#8221;4.4.3&#8243; global_colors_info=&#8221;{}&#8221;][et_pb_text _builder_version=&#8221;4.14.2&#8243; header_2_font=&#8221;Darker Grotesque|900|||||||&#8221; header_2_font_size=&#8221;60px&#8221; text_orientation=&#8221;center&#8221; max_width=&#8221;700px&#8221; module_alignment=&#8221;center&#8221; hover_enabled=&#8221;0&#8243; header_2_font_size_tablet=&#8221;42px&#8221; header_2_font_size_phone=&#8221;30px&#8221; header_2_font_size_last_edited=&#8221;on|phone&#8221; locked=&#8221;off&#8221; global_colors_info=&#8221;{}&#8221; sticky_enabled=&#8221;0&#8243;]<\/p>\n<h2>Vos besoins de formation<\/h2>\n<p><strong>Nos cours sur mesure sont con\u00e7us pour aider votre entreprise \u00e0 se d\u00e9velopper et \u00e0 r\u00e9ussir. Vous serez un participant actif tout au long du programme, de sorte qu&#8217;\u00e0 la fin du cours, vous disposerez de tous les outils n\u00e9cessaires pour mettre en \u0153uvre les strat\u00e9gies apprises imm\u00e9diatement dans votre propre entreprise.<\/strong><\/p>\n<p>[\/et_pb_text][\/et_pb_column][\/et_pb_row][et_pb_row column_structure=&#8221;1_2,1_2&#8243; _builder_version=&#8221;4.14.0&#8243; _module_preset=&#8221;default&#8221; global_colors_info=&#8221;{}&#8221;][et_pb_column type=&#8221;1_2&#8243; _builder_version=&#8221;4.14.0&#8243; _module_preset=&#8221;default&#8221; global_colors_info=&#8221;{}&#8221;][et_pb_image src=&#8221;https:\/\/consord.tn\/wp-content\/uploads\/2021\/11\/financial-advisor-icon-41x.png&#8221; title_text=&#8221;financial-advisor-icon-41x&#8221; _builder_version=&#8221;4.14.0&#8243; custom_margin=&#8221;|203px||||&#8221; global_colors_info=&#8221;{}&#8221;][\/et_pb_image][et_pb_text _builder_version=&#8221;4.14.0&#8243; header_4_font=&#8221;Darker Grotesque|900|||||||&#8221; header_4_font_size=&#8221;22px&#8221; width=&#8221;98.2%&#8221; custom_margin=&#8221;|-2px|20px||false|false&#8221; custom_padding=&#8221;|82px|10px||false|false&#8221; border_width_bottom=&#8221;2px&#8221; locked=&#8221;off&#8221; global_colors_info=&#8221;{}&#8221;]<\/p>\n<h4 style=\"text-align: left;\"><b>Proposer une<span>\u00a0<\/span><span style=\"color: #da291c;\">learning exp\u00e9rience stimulante et cr\u00e9atrice de valeur<\/span><\/b><\/h4>\n<p>[\/et_pb_text][\/et_pb_column][et_pb_column type=&#8221;1_2&#8243; _builder_version=&#8221;4.14.0&#8243; _module_preset=&#8221;default&#8221; global_colors_info=&#8221;{}&#8221;][et_pb_image src=&#8221;https:\/\/consord.tn\/wp-content\/uploads\/2021\/11\/financial-advisor-icon-61x.png&#8221; title_text=&#8221;financial-advisor-icon-61x&#8221; _builder_version=&#8221;4.14.0&#8243; custom_margin=&#8221;|170px||||&#8221; locked=&#8221;off&#8221; global_colors_info=&#8221;{}&#8221;][\/et_pb_image][et_pb_text _builder_version=&#8221;4.14.0&#8243; header_4_font=&#8221;Darker Grotesque|900|||||||&#8221; header_4_font_size=&#8221;22px&#8221; width=&#8221;98.3%&#8221; min_height=&#8221;61px&#8221; custom_margin=&#8221;|48px|20px||false|false&#8221; custom_padding=&#8221;|0px|10px|0px|false|true&#8221; border_width_bottom=&#8221;2px&#8221; locked=&#8221;off&#8221; global_colors_info=&#8221;{}&#8221;]<\/p>\n<h4 style=\"text-align: left;\"><b>D\u00e9ployer des dispositifs<span>\u00a0<\/span><span style=\"color: #da291c;\">en Tunisie ou \u00e0 l\u2019international<\/span><\/b><\/h4>\n<p>[\/et_pb_text][\/et_pb_column][\/et_pb_row][et_pb_row column_structure=&#8221;1_2,1_2&#8243; _builder_version=&#8221;4.14.0&#8243; _module_preset=&#8221;default&#8221; global_colors_info=&#8221;{}&#8221;][et_pb_column type=&#8221;1_2&#8243; _builder_version=&#8221;4.14.0&#8243; _module_preset=&#8221;default&#8221; global_colors_info=&#8221;{}&#8221;][et_pb_image src=&#8221;https:\/\/consord.tn\/wp-content\/uploads\/2021\/11\/financial-advisor-icon-11x.png&#8221; title_text=&#8221;financial-advisor-icon-11x&#8221; _builder_version=&#8221;4.14.0&#8243; width=&#8221;62.6%&#8221; custom_padding=&#8221;|2px||||&#8221; global_colors_info=&#8221;{}&#8221;][\/et_pb_image][et_pb_text _builder_version=&#8221;4.14.0&#8243; header_4_font=&#8221;Darker Grotesque|900|||||||&#8221; header_4_font_size=&#8221;22px&#8221; width=&#8221;98.8%&#8221; min_height=&#8221;65px&#8221; custom_margin=&#8221;|-11px|20px||false|false&#8221; custom_padding=&#8221;|0px|10px|0px|false|false&#8221; border_width_bottom=&#8221;2px&#8221; locked=&#8221;off&#8221; global_colors_info=&#8221;{}&#8221;]<\/p>\n<h4 style=\"text-align: left;\"><b><span style=\"color: #da291c;\">R\u00e9ussir la transformation<\/span><span>\u00a0<\/span>de votre organisation<\/b><\/h4>\n<p>[\/et_pb_text][\/et_pb_column][et_pb_column type=&#8221;1_2&#8243; _builder_version=&#8221;4.14.0&#8243; _module_preset=&#8221;default&#8221; global_colors_info=&#8221;{}&#8221;][et_pb_image src=&#8221;https:\/\/consord.tn\/wp-content\/uploads\/2021\/11\/financial-advisor-icon-111x.png&#8221; title_text=&#8221;financial-advisor-icon-111x&#8221; _builder_version=&#8221;4.14.0&#8243; width=&#8221;69.3%&#8221; custom_padding=&#8221;|1px||||&#8221; locked=&#8221;off&#8221; global_colors_info=&#8221;{}&#8221;][\/et_pb_image][et_pb_text _builder_version=&#8221;4.4.3&#8243; header_4_font=&#8221;Darker Grotesque|900|||||||&#8221; header_4_font_size=&#8221;22px&#8221; width=&#8221;99.6%&#8221; custom_margin=&#8221;|55px|20px||false|false&#8221; custom_padding=&#8221;|64px|10px||false|false&#8221; border_width_bottom=&#8221;2px&#8221; locked=&#8221;off&#8221; global_colors_info=&#8221;{}&#8221;]<\/p>\n<h4 style=\"text-align: left;\"><b>Pr\u00e9parer les \u00e9volutions des m\u00e9tiers<span>\u00a0<\/span><span style=\"color: #da291c;\">pour servir la performance<\/span><\/b><\/h4>\n<p>[\/et_pb_text][\/et_pb_column][\/et_pb_row][et_pb_row _builder_version=&#8221;4.4.3&#8243; global_colors_info=&#8221;{}&#8221;][et_pb_column type=&#8221;4_4&#8243; _builder_version=&#8221;4.4.3&#8243; global_colors_info=&#8221;{}&#8221;][et_pb_button button_url=&#8221;https:\/\/consord.tn\/index.php\/formation-sur-mesure\/&#8221; button_text=&#8221;Je souhaite que Consord m&#8217;accompagne&#8221; button_alignment=&#8221;center&#8221; _builder_version=&#8221;4.14.0&#8243; custom_button=&#8221;on&#8221; button_text_color=&#8221;#ffffff&#8221; button_bg_color=&#8221;#283444&#8243; button_border_color=&#8221;rgba(0,0,0,0)&#8221; button_border_radius=&#8221;0px&#8221; button_letter_spacing=&#8221;2px&#8221; button_font=&#8221;Darker Grotesque|900||on|||||&#8221; button_use_icon=&#8221;off&#8221; custom_margin=&#8221;||||false|false&#8221; custom_padding=&#8221;15px|40px|15px|40px|true|true&#8221; button_text_size_tablet=&#8221;20px&#8221; button_text_size_phone=&#8221;16px&#8221; button_text_size_last_edited=&#8221;on|phone&#8221; locked=&#8221;off&#8221; global_colors_info=&#8221;{}&#8221;][\/et_pb_button][\/et_pb_column][\/et_pb_row][\/et_pb_section]<\/p>\n","protected":false},"excerpt":{"rendered":"<p>\u00a0Formation sur mesure \u00a0Vos besoins de formation Nos cours sur mesure sont con\u00e7us pour aider votre entreprise \u00e0 se d\u00e9velopper et \u00e0 r\u00e9ussir. Vous serez un participant actif tout au long du programme, de sorte qu&#8217;\u00e0 la fin du cours, vous disposerez de tous les outils n\u00e9cessaires pour mettre en \u0153uvre les strat\u00e9gies apprises imm\u00e9diatement [&hellip;]<\/p>\n","protected":false},"author":1,"featured_media":0,"parent":0,"menu_order":0,"comment_status":"closed","ping_status":"closed","template":"","meta":{"_et_pb_use_builder":"on","_et_pb_old_content":"","_et_gb_content_width":"","footnotes":""},"class_list":["post-1776","page","type-page","status-publish","hentry"],"_links":{"self":[{"href":"https:\/\/consord.tn\/index.php\/wp-json\/wp\/v2\/pages\/1776","targetHints":{"allow":["GET"]}}],"collection":[{"href":"https:\/\/consord.tn\/index.php\/wp-json\/wp\/v2\/pages"}],"about":[{"href":"https:\/\/consord.tn\/index.php\/wp-json\/wp\/v2\/types\/page"}],"author":[{"embeddable":true,"href":"https:\/\/consord.tn\/index.php\/wp-json\/wp\/v2\/users\/1"}],"replies":[{"embeddable":true,"href":"https:\/\/consord.tn\/index.php\/wp-json\/wp\/v2\/comments?post=1776"}],"version-history":[{"count":39,"href":"https:\/\/consord.tn\/index.php\/wp-json\/wp\/v2\/pages\/1776\/revisions"}],"predecessor-version":[{"id":2092,"href":"https:\/\/consord.tn\/index.php\/wp-json\/wp\/v2\/pages\/1776\/revisions\/2092"}],"wp:attachment":[{"href":"https:\/\/consord.tn\/index.php\/wp-json\/wp\/v2\/media?parent=1776"}],"curies":[{"name":"wp","href":"https:\/\/api.w.org\/{rel}","templated":true}]}}