{"id":1959,"date":"2021-11-30T21:05:52","date_gmt":"2021-11-30T21:05:52","guid":{"rendered":"https:\/\/consord.tn\/?page_id=1959"},"modified":"2021-12-03T18:15:14","modified_gmt":"2021-12-03T18:15:14","slug":"domaines-de-formation","status":"publish","type":"page","link":"https:\/\/consord.tn\/index.php\/domaines-de-formation\/","title":{"rendered":"Domaines de formation"},"content":{"rendered":"<p>[et_pb_section fb_built=&#8221;1&#8243; admin_label=&#8221;Header&#8221; _builder_version=&#8221;4.4.3&#8243; use_background_color_gradient=&#8221;on&#8221; background_color_gradient_start=&#8221;rgba(0,19,46,0.6)&#8221; background_color_gradient_end=&#8221;rgba(0,19,46,0.6)&#8221; background_color_gradient_overlays_image=&#8221;on&#8221; background_image=&#8221;https:\/\/consord.tn\/wp-content\/uploads\/2021\/11\/financial-advisor-39.jpg&#8221; min_height=&#8221;798.6px&#8221; custom_margin=&#8221;||-157px|||&#8221; custom_padding=&#8221;0vw||0vw||true|false&#8221; hover_enabled=&#8221;0&#8243; locked=&#8221;off&#8221; global_colors_info=&#8221;{}&#8221; sticky_enabled=&#8221;0&#8243;][et_pb_row _builder_version=&#8221;4.4.3&#8243; min_height=&#8221;170px&#8221; global_colors_info=&#8221;{}&#8221; custom_margin=&#8221;|auto|-60px|auto||&#8221;][et_pb_column type=&#8221;4_4&#8243; _builder_version=&#8221;4.4.3&#8243; global_colors_info=&#8221;{}&#8221;][et_pb_text _builder_version=&#8221;4.14.2&#8243; header_2_font=&#8221;Darker Grotesque|900|||||||&#8221; header_2_font_size=&#8221;60px&#8221; text_orientation=&#8221;center&#8221; max_width=&#8221;700px&#8221; module_alignment=&#8221;center&#8221; hover_enabled=&#8221;0&#8243; header_2_font_size_tablet=&#8221;42px&#8221; header_2_font_size_phone=&#8221;30px&#8221; header_2_font_size_last_edited=&#8221;on|phone&#8221; locked=&#8221;off&#8221; global_colors_info=&#8221;{}&#8221; sticky_enabled=&#8221;0&#8243;]<\/p>\n<h2><span style=\"color: #ffffff;\">Nos domaines<\/span><\/h2>\n<p>[\/et_pb_text][\/et_pb_column][\/et_pb_row][et_pb_row column_structure=&#8221;1_4,1_4,1_4,1_4&#8243; make_equal=&#8221;on&#8221; _builder_version=&#8221;4.4.3&#8243; min_height=&#8221;466.6px&#8221; custom_margin=&#8221;|auto|111px|auto||&#8221; custom_padding=&#8221;0px||0px||true|&#8221; locked=&#8221;off&#8221; global_colors_info=&#8221;{}&#8221;][et_pb_column type=&#8221;1_4&#8243; _builder_version=&#8221;4.4.3&#8243; background_color=&#8221;#ddccb8&#8243; custom_padding=&#8221;30px|30px|30px|30px|true|true&#8221; custom_padding_tablet=&#8221;&#8221; custom_padding_phone=&#8221;|20px||20px|true|true&#8221; custom_padding_last_edited=&#8221;on|phone&#8221; global_colors_info=&#8221;{}&#8221;][et_pb_text _builder_version=&#8221;4.14.0&#8243; text_font=&#8221;Darker Grotesque|600|||||||&#8221; text_text_color=&#8221;#283444&#8243; text_font_size=&#8221;18px&#8221; text_line_height=&#8221;1.4em&#8221; header_font=&#8221;Darker Grotesque|900|||||||&#8221; header_text_color=&#8221;#ddccb8&#8243; header_font_size=&#8221;36px&#8221; header_2_font=&#8221;Darker Grotesque|900|||||||&#8221; header_2_text_color=&#8221;#ddccb8&#8243; header_2_font_size=&#8221;36px&#8221; header_3_font=&#8221;Darker Grotesque|900|||||||&#8221; header_3_text_color=&#8221;#283444&#8243; header_3_font_size=&#8221;36px&#8221; header_4_font=&#8221;Darker Grotesque|900|||||||&#8221; header_4_text_color=&#8221;#ddccb8&#8243; header_4_font_size=&#8221;36px&#8221; header_5_font=&#8221;Darker Grotesque|900|||||||&#8221; header_5_text_color=&#8221;#ddccb8&#8243; header_5_font_size=&#8221;36px&#8221; header_6_font=&#8221;Darker Grotesque|900|||||||&#8221; header_6_text_color=&#8221;#ddccb8&#8243; header_6_font_size=&#8221;36px&#8221; text_orientation=&#8221;center&#8221; background_layout=&#8221;dark&#8221; max_width=&#8221;800px&#8221; module_alignment=&#8221;center&#8221; header_font_size_tablet=&#8221;30px&#8221; header_font_size_phone=&#8221;24px&#8221; header_font_size_last_edited=&#8221;on|phone&#8221; header_2_font_size_tablet=&#8221;30px&#8221; header_2_font_size_phone=&#8221;24px&#8221; header_2_font_size_last_edited=&#8221;on|phone&#8221; header_3_font_size_tablet=&#8221;30px&#8221; header_3_font_size_phone=&#8221;24px&#8221; header_3_font_size_last_edited=&#8221;on|phone&#8221; header_4_font_size_tablet=&#8221;30px&#8221; header_4_font_size_phone=&#8221;24px&#8221; header_4_font_size_last_edited=&#8221;on|phone&#8221; header_5_font_size_tablet=&#8221;30px&#8221; header_5_font_size_phone=&#8221;24px&#8221; header_5_font_size_last_edited=&#8221;on|phone&#8221; header_6_font_size_tablet=&#8221;30px&#8221; header_6_font_size_phone=&#8221;24px&#8221; header_6_font_size_last_edited=&#8221;on|phone&#8221; locked=&#8221;off&#8221; global_colors_info=&#8221;{}&#8221;]<a href=\"https:\/\/consord.tn\/index.php\/product-category\/achat\/\">Achat<\/a><\/p>\n<p><a href=\"https:\/\/consord.tn\/index.php\/product-category\/assistante\/\">Assisttant(e)<\/a><\/p>\n<p><a href=\"https:\/\/consord.tn\/index.php\/product-category\/auto-entrepreneurs\/\">Auto-entrepreneurs<\/a><\/p>\n<p><a href=\"https:\/\/consord.tn\/index.php\/product-category\/banque\/\">Banque<\/a><\/p>\n<p><a href=\"https:\/\/consord.tn\/index.php\/product-category\/bureautique-pao-cao\/\">Bureautique \u2013 PAO\/CAO<\/a><\/p>\n<p><a href=\"https:\/\/consord.tn\/index.php\/product-category\/coaching\/\">coaching<\/a><\/p>\n<p><a href=\"https:\/\/consord.tn\/index.php\/product-category\/comptabilite-fiscalite\/\">Conduite du changement <\/a><\/p>\n<p>&nbsp;[\/et_pb_text][\/et_pb_column][et_pb_column type=&#8221;1_4&#8243; _builder_version=&#8221;4.4.3&#8243; background_color=&#8221;#ddccb8&#8243; custom_padding=&#8221;30px|30px|30px|30px|true|true&#8221; custom_padding_tablet=&#8221;&#8221; custom_padding_phone=&#8221;|20px||20px|true|true&#8221; custom_padding_last_edited=&#8221;on|phone&#8221; global_colors_info=&#8221;{}&#8221;][et_pb_text _builder_version=&#8221;4.14.0&#8243; _module_preset=&#8221;default&#8221; global_colors_info=&#8221;{}&#8221;]<a href=\"https:\/\/consord.tn\/index.php\/product-category\/comptabilite-fiscalite\/\">Comptabilit\u00e9 &#8211; Fiscalit\u00e9<\/a><\/p>\n<p><a href=\"https:\/\/consord.tn\/index.php\/product-category\/controle-de-gestion-et-pilotage-de-la-performance\/\">Contr\u00f4le de gestion<\/a><\/p>\n<p><a href=\"https:\/\/consord.tn\/index.php\/product-category\/developpement-personnel\/\">D\u00e9veloppement-personnel<\/a><\/p>\n<p><a href=\"https:\/\/consord.tn\/index.php\/product-category\/transformation-digitale-de-lentreprise\/\">Digital<\/a><\/p>\n<p><a href=\"https:\/\/consord.tn\/index.php\/product-category\/direction-de-lentreprise-et-cadre-de-direction\/\">Direction de l&#8217;entreprise<\/a><\/p>\n<p><a href=\"https:\/\/consord.tn\/index.php\/product-category\/droit-des-affaires\/\">Droit des affaires<\/a><\/p>\n<p><a href=\"https:\/\/consord.tn\/index.php\/product-category\/droit-du-travail-et-relations-sociales\/\">Droit social<\/a><\/p>\n<p><a href=\"https:\/\/consord.tn\/index.php\/product-category\/finance-tresorerie\/\" style=\"font-size: 14px;\">Finance \u2013 Tr\u00e9sorerie\u00a0<\/a><\/p>\n<p>&nbsp;<\/p>\n<p>&nbsp;<\/p>\n<p>&nbsp;[\/et_pb_text][\/et_pb_column][et_pb_column type=&#8221;1_4&#8243; _builder_version=&#8221;4.4.3&#8243; background_color=&#8221;#ddccb8&#8243; custom_padding=&#8221;30px|30px|30px|30px|true|true&#8221; custom_padding_tablet=&#8221;&#8221; custom_padding_phone=&#8221;|20px||20px|true|true&#8221; custom_padding_last_edited=&#8221;on|phone&#8221; global_colors_info=&#8221;{}&#8221;][et_pb_text _builder_version=&#8221;4.14.0&#8243; _module_preset=&#8221;default&#8221; global_colors_info=&#8221;{}&#8221;]<a href=\"https:\/\/consord.tn\/index.php\/product-category\/formation\/\">Formation<\/a><\/p>\n<p><a href=\"https:\/\/consord.tn\/index.php\/product-category\/Gestion-du-temps\/\" style=\"font-size: 14px;\">Gestion-du-temps<\/a><\/p>\n<p><a href=\"https:\/\/consord.tn\/index.php\/product-category\/systemes-dinformation-informatique\/\" style=\"font-size: 14px;\">Informatique &#8211; SI<\/a><\/p>\n<p><a href=\"https:\/\/consord.tn\/index.php\/product-category\/innovation-creativite\/\">Innovation &#8211; Cr\u00e9ativit\u00e9<\/a><\/p>\n<p><a href=\"https:\/\/consord.tn\/index.php\/product-category\/logistique-supply-chain\/\">Logistique supply-chain<\/a><\/p>\n<p><a href=\"https:\/\/consord.tn\/index.php\/product-category\/management\/\">Management\u00a0<\/a><\/p>\n<p><a href=\"https:\/\/consord.tn\/index.php\/product-category\/marketing\/\">Marketing<\/a><\/p>\n<p><a href=\"https:\/\/consord.tn\/index.php\/product-category\/organisation-audit\/\">Organisation &#8211; Audit <\/a><\/p>\n<p>&nbsp;[\/et_pb_text][\/et_pb_column][et_pb_column type=&#8221;1_4&#8243; _builder_version=&#8221;4.4.3&#8243; background_color=&#8221;#ddccb8&#8243; custom_padding=&#8221;30px|30px|30px|30px|true|true&#8221; custom_padding_tablet=&#8221;&#8221; custom_padding_phone=&#8221;|20px||20px|true|true&#8221; custom_padding_last_edited=&#8221;on|phone&#8221; global_colors_info=&#8221;{}&#8221;][et_pb_text _builder_version=&#8221;4.14.0&#8243; _module_preset=&#8221;default&#8221; global_colors_info=&#8221;{}&#8221;]<a href=\"https:\/\/consord.tn\/index.php\/product-category\/paie-et-administration-du-personnel\/\">Paie et administration du personnel<\/a><\/p>\n<p><a href=\"https:\/\/consord.tn\/index.php\/product-category\/production-lean\/\" style=\"font-size: 14px;\">Production \u2013 Lean<\/a><\/p>\n<p><a href=\"https:\/\/consord.tn\/index.php\/product-category\/relation-client\/\">Relation client<\/a><\/p>\n<p><a href=\"https:\/\/consord.tn\/index.php\/product-category\/ressources-humaines\/\">Ressources Humaines<\/a><\/p>\n<p><a href=\"https:\/\/consord.tn\/index.php\/product-category\/soft-skills\/\">Soft skills<\/a><\/p>\n<p><a href=\"https:\/\/consord.tn\/index.php\/product-category\/travail-collaboratif-et-a-distance\/\">Travail \u00e0 distance<\/a><\/p>\n<p><a href=\"https:\/\/consord.tn\/index.php\/product-category\/web\/\"> Web<\/a>[\/et_pb_text][\/et_pb_column][\/et_pb_row][\/et_pb_section][et_pb_section fb_built=&#8221;1&#8243; custom_padding_last_edited=&#8221;on|phone&#8221; admin_label=&#8221;Services&#8221; _builder_version=&#8221;4.4.3&#8243; background_image=&#8221;https:\/\/consord.tn\/wp-content\/uploads\/2021\/11\/financial-advisor-34.png&#8221; background_size=&#8221;initial&#8221; min_height=&#8221;1123px&#8221; custom_padding=&#8221;||8vw||false|false&#8221; custom_padding_tablet=&#8221;0px||||false|false&#8221; custom_padding_phone=&#8221;&#8221; global_colors_info=&#8221;{}&#8221; custom_margin=&#8221;1px|||||&#8221;][et_pb_row _builder_version=&#8221;4.4.3&#8243; global_colors_info=&#8221;{}&#8221;][et_pb_column type=&#8221;4_4&#8243; _builder_version=&#8221;4.4.3&#8243; global_colors_info=&#8221;{}&#8221;][et_pb_text _builder_version=&#8221;4.4.3&#8243; header_2_font=&#8221;Darker Grotesque|900|||||||&#8221; header_2_font_size=&#8221;60px&#8221; text_orientation=&#8221;center&#8221; max_width=&#8221;700px&#8221; module_alignment=&#8221;center&#8221; header_2_font_size_tablet=&#8221;42px&#8221; header_2_font_size_phone=&#8221;30px&#8221; header_2_font_size_last_edited=&#8221;on|phone&#8221; locked=&#8221;off&#8221; global_colors_info=&#8221;{}&#8221;]<\/p>\n<h2>Les domaines les plus populaires<\/h2>\n<p>[\/et_pb_text][\/et_pb_column][\/et_pb_row][et_pb_row column_structure=&#8221;1_3,1_3,1_3&#8243; _builder_version=&#8221;4.4.3&#8243; global_colors_info=&#8221;{}&#8221;][et_pb_column type=&#8221;1_3&#8243; _builder_version=&#8221;4.4.3&#8243; global_colors_info=&#8221;{}&#8221;][et_pb_image src=&#8221;https:\/\/consord.tn\/wp-content\/uploads\/2021\/09\/iiiii.jpg&#8221; title_text=&#8221;iiiii&#8221; _builder_version=&#8221;4.14.0&#8243; min_height=&#8221;31.2px&#8221; custom_padding=&#8221;||15px|||&#8221; global_colors_info=&#8221;{}&#8221;][\/et_pb_image][et_pb_text _builder_version=&#8221;4.4.3&#8243; header_4_font=&#8221;Darker Grotesque|900|||||||&#8221; header_4_font_size=&#8221;22px&#8221; custom_margin=&#8221;||20px||false|false&#8221; custom_padding=&#8221;||10px||false|false&#8221; border_width_bottom=&#8221;2px&#8221; locked=&#8221;off&#8221; global_colors_info=&#8221;{}&#8221;]<\/p>\n<h4>Travail a distance<\/h4>\n<p>[\/et_pb_text][et_pb_text _builder_version=&#8221;4.14.0&#8243; text_font=&#8221;Darker Grotesque|600|||||||&#8221; text_font_size=&#8221;18px&#8221; text_line_height=&#8221;1.4em&#8221; locked=&#8221;off&#8221; global_colors_info=&#8221;{}&#8221;]<span><a href=\"https:\/\/consord.tn\/index.php\/product-category\/soft-skills\/\" target=\"_blank\" rel=\"noopener\">Pour r\u00e9ussir le d\u00e9fi du t\u00e9l\u00e9travail, il faut donc poss\u00e9der de solides softskills, une bonne connaissance de son propre fonctionnement ainsi qu\u2019une parfaite compr\u00e9hension de son organisation.<\/a><\/span>[\/et_pb_text][\/et_pb_column][et_pb_column type=&#8221;1_3&#8243; _builder_version=&#8221;4.4.3&#8243; global_colors_info=&#8221;{}&#8221;][et_pb_image src=&#8221;https:\/\/consord.tn\/wp-content\/uploads\/2021\/09\/1-1.jpg&#8221; title_text=&#8221;1 (1)&#8221; _builder_version=&#8221;4.14.0&#8243; min_height=&#8221;102px&#8221; custom_margin=&#8221;||25px|||&#8221; custom_padding=&#8221;||11px|||&#8221; locked=&#8221;off&#8221; global_colors_info=&#8221;{}&#8221;][\/et_pb_image][et_pb_text _builder_version=&#8221;4.4.3&#8243; header_4_font=&#8221;Darker Grotesque|900|||||||&#8221; header_4_font_size=&#8221;22px&#8221; custom_margin=&#8221;14px||20px||false|false&#8221; custom_padding=&#8221;||10px||false|false&#8221; border_width_bottom=&#8221;2px&#8221; locked=&#8221;off&#8221; global_colors_info=&#8221;{}&#8221;]<\/p>\n<h4>D\u00e9veloppement personnel<\/h4>\n<p>[\/et_pb_text][et_pb_text _builder_version=&#8221;4.14.0&#8243; text_font=&#8221;Darker Grotesque|600|||||||&#8221; text_font_size=&#8221;18px&#8221; text_line_height=&#8221;1.4em&#8221; locked=&#8221;off&#8221; global_colors_info=&#8221;{}&#8221;]<a href=\"https:\/\/consord.tn\/index.php\/product-category\/developpement-personnel\/\" target=\"_blank\" rel=\"noopener\">Pour \u00eatre efficace dans son travail, il faut \u00e0 la fois mobiliser des savoir-faire techniques, des comp\u00e9tences relationnelles, une intelligence de situation et des comp\u00e9tences \u00e9motionnelles.\u00a0<\/a>[\/et_pb_text][\/et_pb_column][et_pb_column type=&#8221;1_3&#8243; _builder_version=&#8221;4.4.3&#8243; global_colors_info=&#8221;{}&#8221;][et_pb_image src=&#8221;https:\/\/consord.tn\/wp-content\/uploads\/2021\/09\/DataScientist778x440.jpg&#8221; title_text=&#8221;DataScientist778x440&#8243; _builder_version=&#8221;4.14.0&#8243; min_height=&#8221;120.2px&#8221; custom_margin=&#8221;||22px|||&#8221; locked=&#8221;off&#8221; global_colors_info=&#8221;{}&#8221;][\/et_pb_image][et_pb_text _builder_version=&#8221;4.4.3&#8243; header_4_font=&#8221;Darker Grotesque|900|||||||&#8221; header_4_font_size=&#8221;22px&#8221; custom_margin=&#8221;11px||20px||false|false&#8221; custom_padding=&#8221;||10px||false|false&#8221; border_width_bottom=&#8221;2px&#8221; locked=&#8221;off&#8221; global_colors_info=&#8221;{}&#8221;]<\/p>\n<h4>D\u00e9veloppement Web &amp; Mobile<\/h4>\n<p>[\/et_pb_text][et_pb_text _builder_version=&#8221;4.14.0&#8243; text_font=&#8221;Darker Grotesque|600|||||||&#8221; text_font_size=&#8221;18px&#8221; text_line_height=&#8221;1.4em&#8221; locked=&#8221;off&#8221; global_colors_info=&#8221;{}&#8221;]<a href=\"https:\/\/consord.tn\/index.php\/product-category\/web\/\" target=\"_blank\" rel=\"noopener\">Le d\u00e9veloppement Web et mobile repr\u00e9sente une grande opportunit\u00e9 pour les entreprises de lancer une campagne publicitaire sur Internet constamment active.\u00a0<\/a>[\/et_pb_text][\/et_pb_column][\/et_pb_row][et_pb_row column_structure=&#8221;1_4,1_4,1_4,1_4&#8243; _builder_version=&#8221;4.4.3&#8243; global_colors_info=&#8221;{}&#8221;][et_pb_column type=&#8221;1_4&#8243; _builder_version=&#8221;4.4.3&#8243; global_colors_info=&#8221;{}&#8221;][et_pb_image src=&#8221;https:\/\/consord.tn\/wp-content\/uploads\/2021\/09\/7.jpg&#8221; title_text=&#8221;7&#8243; _builder_version=&#8221;4.14.0&#8243; global_colors_info=&#8221;{}&#8221;][\/et_pb_image][et_pb_text _builder_version=&#8221;4.4.3&#8243; header_4_font=&#8221;Darker Grotesque|900|||||||&#8221; header_4_font_size=&#8221;22px&#8221; custom_margin=&#8221;||20px||false|false&#8221; custom_padding=&#8221;||10px||false|false&#8221; border_width_bottom=&#8221;2px&#8221; locked=&#8221;off&#8221; global_colors_info=&#8221;{}&#8221;]<\/p>\n<h4>Soft skills<\/h4>\n<p>[\/et_pb_text][et_pb_text _builder_version=&#8221;4.14.0&#8243; text_font=&#8221;Darker Grotesque|600|||||||&#8221; text_font_size=&#8221;18px&#8221; text_line_height=&#8221;1.4em&#8221; locked=&#8221;off&#8221; global_colors_info=&#8221;{}&#8221;]<a href=\"https:\/\/consord.tn\/index.php\/product-category\/soft-skills\/\" target=\"_blank\" rel=\"noopener\">Notre objectif : apporter de la valeur ajout\u00e9e pour la personne et pour l\u2019entreprise, dans une logique d\u2019efficacit\u00e9 op\u00e9rationnelle.<\/a>[\/et_pb_text][\/et_pb_column][et_pb_column type=&#8221;1_4&#8243; _builder_version=&#8221;4.4.3&#8243; global_colors_info=&#8221;{}&#8221;][et_pb_image src=&#8221;https:\/\/consord.tn\/wp-content\/uploads\/2021\/09\/tt-4.jpg&#8221; title_text=&#8221;tt&#8221; _builder_version=&#8221;4.14.0&#8243; min_height=&#8221;74px&#8221; custom_margin=&#8221;||20px|||&#8221; locked=&#8221;off&#8221; global_colors_info=&#8221;{}&#8221;][\/et_pb_image][et_pb_text _builder_version=&#8221;4.4.3&#8243; header_4_font=&#8221;Darker Grotesque|900|||||||&#8221; header_4_font_size=&#8221;22px&#8221; custom_margin=&#8221;||20px||false|false&#8221; custom_padding=&#8221;||10px||false|false&#8221; border_width_bottom=&#8221;2px&#8221; locked=&#8221;off&#8221; global_colors_info=&#8221;{}&#8221;]<\/p>\n<h4>Coaching<\/h4>\n<p>[\/et_pb_text][et_pb_text _builder_version=&#8221;4.14.0&#8243; text_font=&#8221;Darker Grotesque|600|||||||&#8221; text_font_size=&#8221;18px&#8221; text_line_height=&#8221;1.4em&#8221; locked=&#8221;off&#8221; global_colors_info=&#8221;{}&#8221;]<a href=\"https:\/\/consord.tn\/index.php\/product-category\/coaching\/\" target=\"_blank\" rel=\"noopener\">Le coaching est un processus d\u2019accompagnement visant \u00e0 lib\u00e9rer le potentiel personnel et professionnel de chacun.<\/a>[\/et_pb_text][\/et_pb_column][et_pb_column type=&#8221;1_4&#8243; _builder_version=&#8221;4.4.3&#8243; global_colors_info=&#8221;{}&#8221;][et_pb_image src=&#8221;https:\/\/consord.tn\/wp-content\/uploads\/2021\/09\/bandeau-management.jpg&#8221; title_text=&#8221;bandeau-management&#8221; _builder_version=&#8221;4.14.0&#8243; min_height=&#8221;124.3px&#8221; custom_margin=&#8221;||11px|||&#8221; custom_padding=&#8221;||20px|||&#8221; locked=&#8221;off&#8221; global_colors_info=&#8221;{}&#8221;][\/et_pb_image][et_pb_text _builder_version=&#8221;4.4.3&#8243; header_4_font=&#8221;Darker Grotesque|900|||||||&#8221; header_4_font_size=&#8221;22px&#8221; custom_margin=&#8221;||20px||false|false&#8221; custom_padding=&#8221;||10px||false|false&#8221; border_width_bottom=&#8221;2px&#8221; locked=&#8221;off&#8221; global_colors_info=&#8221;{}&#8221;]<\/p>\n<h4>Digital\u00a0<\/h4>\n<p>[\/et_pb_text][et_pb_text _builder_version=&#8221;4.14.0&#8243; text_font=&#8221;Darker Grotesque|600|||||||&#8221; text_font_size=&#8221;18px&#8221; text_line_height=&#8221;1.4em&#8221; locked=&#8221;off&#8221; global_colors_info=&#8221;{}&#8221;]<a href=\"https:\/\/consord.tn\/index.php\/product-category\/transformation-digitale-de-lentreprise\/\/\" target=\"_blank\" rel=\"noopener\">Avec l\u2019avanc\u00e9e technologique, la digitalisation demeure un pas indispensable dans le d\u00e9veloppement d\u2019une entreprise.<\/a>[\/et_pb_text][\/et_pb_column][et_pb_column type=&#8221;1_4&#8243; _builder_version=&#8221;4.4.3&#8243; global_colors_info=&#8221;{}&#8221;][et_pb_image src=&#8221;https:\/\/consord.tn\/wp-content\/uploads\/2021\/09\/tt-3.jpg&#8221; title_text=&#8221;tt&#8221; _builder_version=&#8221;4.14.0&#8243; locked=&#8221;off&#8221; global_colors_info=&#8221;{}&#8221;][\/et_pb_image][et_pb_text _builder_version=&#8221;4.4.3&#8243; header_4_font=&#8221;Darker Grotesque|900|||||||&#8221; header_4_font_size=&#8221;22px&#8221; custom_margin=&#8221;||20px||false|false&#8221; custom_padding=&#8221;||10px||false|false&#8221; border_width_bottom=&#8221;2px&#8221; locked=&#8221;off&#8221; global_colors_info=&#8221;{}&#8221;]<\/p>\n<h4>Banque<\/h4>\n<p>[\/et_pb_text][et_pb_text _builder_version=&#8221;4.14.0&#8243; text_font=&#8221;Darker Grotesque|600|||||||&#8221; text_font_size=&#8221;18px&#8221; text_line_height=&#8221;1.4em&#8221; locked=&#8221;off&#8221; global_colors_info=&#8221;{}&#8221;]<a href=\"https:\/\/consord.tn\/index.php\/product-category\/banque\/\" target=\"_blank\" rel=\"noopener\">Chaque formation vise \u00e0 vous enseigner les cl\u00e9s du m\u00e9tier pour mener \u00e0 bien vos missions en qualit\u00e9 de conseiller ou d\u2019ex\u00e9cuteur.<\/a><span> <\/span>[\/et_pb_text][\/et_pb_column][\/et_pb_row][\/et_pb_section]<\/p>\n","protected":false},"excerpt":{"rendered":"<p>Nos domainesAchat Assisttant(e) Auto-entrepreneurs Banque Bureautique \u2013 PAO\/CAO coaching Conduite du changement &nbsp;Comptabilit\u00e9 &#8211; Fiscalit\u00e9 Contr\u00f4le de gestion D\u00e9veloppement-personnel Digital Direction de l&#8217;entreprise Droit des affaires Droit social Finance \u2013 Tr\u00e9sorerie\u00a0 &nbsp; &nbsp; &nbsp;Formation Gestion-du-temps Informatique &#8211; SI Innovation &#8211; Cr\u00e9ativit\u00e9 Logistique supply-chain Management\u00a0 Marketing Organisation &#8211; Audit &nbsp;Paie et administration du personnel Production \u2013 [&hellip;]<\/p>\n","protected":false},"author":1,"featured_media":0,"parent":0,"menu_order":0,"comment_status":"closed","ping_status":"closed","template":"","meta":{"_et_pb_use_builder":"on","_et_pb_old_content":"","_et_gb_content_width":"","footnotes":""},"class_list":["post-1959","page","type-page","status-publish","hentry"],"_links":{"self":[{"href":"https:\/\/consord.tn\/index.php\/wp-json\/wp\/v2\/pages\/1959","targetHints":{"allow":["GET"]}}],"collection":[{"href":"https:\/\/consord.tn\/index.php\/wp-json\/wp\/v2\/pages"}],"about":[{"href":"https:\/\/consord.tn\/index.php\/wp-json\/wp\/v2\/types\/page"}],"author":[{"embeddable":true,"href":"https:\/\/consord.tn\/index.php\/wp-json\/wp\/v2\/users\/1"}],"replies":[{"embeddable":true,"href":"https:\/\/consord.tn\/index.php\/wp-json\/wp\/v2\/comments?post=1959"}],"version-history":[{"count":19,"href":"https:\/\/consord.tn\/index.php\/wp-json\/wp\/v2\/pages\/1959\/revisions"}],"predecessor-version":[{"id":2087,"href":"https:\/\/consord.tn\/index.php\/wp-json\/wp\/v2\/pages\/1959\/revisions\/2087"}],"wp:attachment":[{"href":"https:\/\/consord.tn\/index.php\/wp-json\/wp\/v2\/media?parent=1959"}],"curies":[{"name":"wp","href":"https:\/\/api.w.org\/{rel}","templated":true}]}}