{"id":2076,"date":"2021-12-03T17:45:51","date_gmt":"2021-12-03T17:45:51","guid":{"rendered":"https:\/\/consord.tn\/?post_type=product&#038;p=2076"},"modified":"2021-12-03T22:09:09","modified_gmt":"2021-12-03T22:09:09","slug":"les-fondamentaux-dagile-scrum-kanban-lean-et-xp","status":"publish","type":"product","link":"https:\/\/consord.tn\/index.php\/product\/les-fondamentaux-dagile-scrum-kanban-lean-et-xp\/","title":{"rendered":"Les fondamentaux d\u2019agile: Scrum, Kanban, Lean et XP"},"content":{"rendered":"<p>Cette formation de 2 jours est con\u00e7ue pour ceux qui veulent en savoir plus sur les principes fondamentaux de la m\u00e9thodologie de d\u00e9veloppement logiciel Agile et sur la fa\u00e7on dont elle peut \u00eatre appliqu\u00e9e \u00e0 des projets r\u00e9els. L&#8217;objectif de cette formation est non seulement de fournir aux participants les comp\u00e9tences n\u00e9cessaires pour g\u00e9rer avec succ\u00e8s un projet Agile, mais aussi de les aider \u00e0 comprendre et \u00e0 appr\u00e9cier la rupture culturelle que la gestion de projet Agile apporte par rapport aux approches plus traditionnelles.<\/p>\n","protected":false},"excerpt":{"rendered":"<p>Cette formation de 2 jours est con\u00e7ue pour ceux qui veulent en savoir plus sur les principes fondamentaux de la m\u00e9thodologie de d\u00e9veloppement logiciel Agile et sur la fa\u00e7on dont elle peut \u00eatre appliqu\u00e9e \u00e0 des projets r\u00e9els. L&#8217;objectif de cette formation est non seulement de fournir aux participants les comp\u00e9tences n\u00e9cessaires pour g\u00e9rer avec [&hellip;]<\/p>\n","protected":false},"featured_media":905,"comment_status":"open","ping_status":"closed","template":"","meta":{"_et_pb_use_builder":"","_et_pb_old_content":"","_et_gb_content_width":""},"product_brand":[],"product_cat":[260],"product_tag":[],"class_list":{"0":"post-2076","1":"product","2":"type-product","3":"status-publish","4":"has-post-thumbnail","6":"product_cat-management-de-projets","8":"first","9":"instock","10":"taxable","11":"shipping-taxable","12":"product-type-simple"},"_links":{"self":[{"href":"https:\/\/consord.tn\/index.php\/wp-json\/wp\/v2\/product\/2076","targetHints":{"allow":["GET"]}}],"collection":[{"href":"https:\/\/consord.tn\/index.php\/wp-json\/wp\/v2\/product"}],"about":[{"href":"https:\/\/consord.tn\/index.php\/wp-json\/wp\/v2\/types\/product"}],"replies":[{"embeddable":true,"href":"https:\/\/consord.tn\/index.php\/wp-json\/wp\/v2\/comments?post=2076"}],"wp:featuredmedia":[{"embeddable":true,"href":"https:\/\/consord.tn\/index.php\/wp-json\/wp\/v2\/media\/905"}],"wp:attachment":[{"href":"https:\/\/consord.tn\/index.php\/wp-json\/wp\/v2\/media?parent=2076"}],"wp:term":[{"taxonomy":"product_brand","embeddable":true,"href":"https:\/\/consord.tn\/index.php\/wp-json\/wp\/v2\/product_brand?post=2076"},{"taxonomy":"product_cat","embeddable":true,"href":"https:\/\/consord.tn\/index.php\/wp-json\/wp\/v2\/product_cat?post=2076"},{"taxonomy":"product_tag","embeddable":true,"href":"https:\/\/consord.tn\/index.php\/wp-json\/wp\/v2\/product_tag?post=2076"}],"curies":[{"name":"wp","href":"https:\/\/api.w.org\/{rel}","templated":true}]}}