{"id":2079,"date":"2021-12-03T18:02:03","date_gmt":"2021-12-03T18:02:03","guid":{"rendered":"https:\/\/consord.tn\/?post_type=product&#038;p=2079"},"modified":"2021-12-03T22:00:22","modified_gmt":"2021-12-03T22:00:22","slug":"profesional-scrum-master-niveau-1","status":"publish","type":"product","link":"https:\/\/consord.tn\/index.php\/product\/profesional-scrum-master-niveau-1\/","title":{"rendered":"Profesional Scrum Master Niveau 1"},"content":{"rendered":"<p>Si vous n&#8217;\u00eates pas d\u00e9j\u00e0 un scrum master certifi\u00e9, le PSM 1 est la certification que vous devriez obtenir si vous voulez travailler en tant que scrum master. Il s&#8217;agit d&#8217;une certification qui ne n\u00e9cessite pas que vous suiviez une formation aupr\u00e8s d&#8217;un centre de formation agr\u00e9\u00e9. Vous pouvez obtenir cette certification sans jamais assister \u00e0 une session de formation.<\/p>\n","protected":false},"excerpt":{"rendered":"<p>Si vous n&#8217;\u00eates pas d\u00e9j\u00e0 un scrum master certifi\u00e9, le PSM 1 est la certification que vous devriez obtenir si vous voulez travailler en tant que scrum master. Il s&#8217;agit d&#8217;une certification qui ne n\u00e9cessite pas que vous suiviez une formation aupr\u00e8s d&#8217;un centre de formation agr\u00e9\u00e9. Vous pouvez obtenir cette certification sans jamais assister [&hellip;]<\/p>\n","protected":false},"featured_media":925,"comment_status":"open","ping_status":"closed","template":"","meta":{"_et_pb_use_builder":"","_et_pb_old_content":"","_et_gb_content_width":""},"product_brand":[],"product_cat":[260],"product_tag":[],"class_list":{"0":"post-2079","1":"product","2":"type-product","3":"status-publish","4":"has-post-thumbnail","6":"product_cat-management-de-projets","8":"first","9":"instock","10":"taxable","11":"shipping-taxable","12":"product-type-simple"},"_links":{"self":[{"href":"https:\/\/consord.tn\/index.php\/wp-json\/wp\/v2\/product\/2079","targetHints":{"allow":["GET"]}}],"collection":[{"href":"https:\/\/consord.tn\/index.php\/wp-json\/wp\/v2\/product"}],"about":[{"href":"https:\/\/consord.tn\/index.php\/wp-json\/wp\/v2\/types\/product"}],"replies":[{"embeddable":true,"href":"https:\/\/consord.tn\/index.php\/wp-json\/wp\/v2\/comments?post=2079"}],"wp:featuredmedia":[{"embeddable":true,"href":"https:\/\/consord.tn\/index.php\/wp-json\/wp\/v2\/media\/925"}],"wp:attachment":[{"href":"https:\/\/consord.tn\/index.php\/wp-json\/wp\/v2\/media?parent=2079"}],"wp:term":[{"taxonomy":"product_brand","embeddable":true,"href":"https:\/\/consord.tn\/index.php\/wp-json\/wp\/v2\/product_brand?post=2079"},{"taxonomy":"product_cat","embeddable":true,"href":"https:\/\/consord.tn\/index.php\/wp-json\/wp\/v2\/product_cat?post=2079"},{"taxonomy":"product_tag","embeddable":true,"href":"https:\/\/consord.tn\/index.php\/wp-json\/wp\/v2\/product_tag?post=2079"}],"curies":[{"name":"wp","href":"https:\/\/api.w.org\/{rel}","templated":true}]}}