{"id":2099,"date":"2021-12-03T22:07:26","date_gmt":"2021-12-03T22:07:26","guid":{"rendered":"https:\/\/consord.tn\/?post_type=product&#038;p=2099"},"modified":"2021-12-03T22:07:26","modified_gmt":"2021-12-03T22:07:26","slug":"istqb-niveau-avance-test-manager","status":"publish","type":"product","link":"https:\/\/consord.tn\/index.php\/product\/istqb-niveau-avance-test-manager\/","title":{"rendered":"ISTQB Niveau Avanc\u00e9 Test Manager"},"content":{"rendered":"<p>Vous devez acqu\u00e9rir les bases du m\u00e9tier de testeur de logiciels. Un testeur certifi\u00e9 est 300 % plus efficace qu&#8217;un testeur non certifi\u00e9, gr\u00e2ce \u00e0 l&#8217;utilisation de normes, m\u00e9thodes et meilleures pratiques reconnues.<\/p>\n","protected":false},"excerpt":{"rendered":"<p>Vous devez acqu\u00e9rir les bases du m\u00e9tier de testeur de logiciels. Un testeur certifi\u00e9 est 300 % plus efficace qu&#8217;un testeur non certifi\u00e9, gr\u00e2ce \u00e0 l&#8217;utilisation de normes, m\u00e9thodes et meilleures pratiques reconnues.<\/p>\n","protected":false},"featured_media":951,"comment_status":"open","ping_status":"closed","template":"","meta":{"_et_pb_use_builder":"","_et_pb_old_content":"","_et_gb_content_width":""},"product_brand":[],"product_cat":[261],"product_tag":[],"class_list":{"0":"post-2099","1":"product","2":"type-product","3":"status-publish","4":"has-post-thumbnail","6":"product_cat-testes-logiciels","8":"first","9":"instock","10":"taxable","11":"shipping-taxable","12":"product-type-simple"},"_links":{"self":[{"href":"https:\/\/consord.tn\/index.php\/wp-json\/wp\/v2\/product\/2099","targetHints":{"allow":["GET"]}}],"collection":[{"href":"https:\/\/consord.tn\/index.php\/wp-json\/wp\/v2\/product"}],"about":[{"href":"https:\/\/consord.tn\/index.php\/wp-json\/wp\/v2\/types\/product"}],"replies":[{"embeddable":true,"href":"https:\/\/consord.tn\/index.php\/wp-json\/wp\/v2\/comments?post=2099"}],"wp:featuredmedia":[{"embeddable":true,"href":"https:\/\/consord.tn\/index.php\/wp-json\/wp\/v2\/media\/951"}],"wp:attachment":[{"href":"https:\/\/consord.tn\/index.php\/wp-json\/wp\/v2\/media?parent=2099"}],"wp:term":[{"taxonomy":"product_brand","embeddable":true,"href":"https:\/\/consord.tn\/index.php\/wp-json\/wp\/v2\/product_brand?post=2099"},{"taxonomy":"product_cat","embeddable":true,"href":"https:\/\/consord.tn\/index.php\/wp-json\/wp\/v2\/product_cat?post=2099"},{"taxonomy":"product_tag","embeddable":true,"href":"https:\/\/consord.tn\/index.php\/wp-json\/wp\/v2\/product_tag?post=2099"}],"curies":[{"name":"wp","href":"https:\/\/api.w.org\/{rel}","templated":true}]}}