{"id":2101,"date":"2021-12-03T22:13:06","date_gmt":"2021-12-03T22:13:06","guid":{"rendered":"https:\/\/consord.tn\/?post_type=product&#038;p=2101"},"modified":"2021-12-03T22:13:06","modified_gmt":"2021-12-03T22:13:06","slug":"istqb-foundation","status":"publish","type":"product","link":"https:\/\/consord.tn\/index.php\/product\/istqb-foundation\/","title":{"rendered":"ISTQB Foundation"},"content":{"rendered":"<p>Pour devenir un testeur certifi\u00e9 ISTQB, vous devez avoir d\u00e9j\u00e0 obtenu le niveau Fondation d\u00e9livr\u00e9 par l&#8217;ISTQB. Vous devez avoir au moins 3 ans d&#8217;exp\u00e9rience pratique en tant que Test Manager ou, de pr\u00e9f\u00e9rence, avoir r\u00e9ussi l&#8217;examen R&amp;S Certified Tester. Il est fortement recommand\u00e9 de pratiquer en tant que gestionnaire de tests pendant environ un an si vous voulez tenter l&#8217;examen dans les meilleures conditions possibles.<\/p>\n","protected":false},"excerpt":{"rendered":"<p>Pour devenir un testeur certifi\u00e9 ISTQB, vous devez avoir d\u00e9j\u00e0 obtenu le niveau Fondation d\u00e9livr\u00e9 par l&#8217;ISTQB. Vous devez avoir au moins 3 ans d&#8217;exp\u00e9rience pratique en tant que Test Manager ou, de pr\u00e9f\u00e9rence, avoir r\u00e9ussi l&#8217;examen R&amp;S Certified Tester. Il est fortement recommand\u00e9 de pratiquer en tant que gestionnaire de tests pendant environ un [&hellip;]<\/p>\n","protected":false},"featured_media":946,"comment_status":"open","ping_status":"closed","template":"","meta":{"_et_pb_use_builder":"","_et_pb_old_content":"","_et_gb_content_width":""},"product_brand":[],"product_cat":[261],"product_tag":[],"class_list":{"0":"post-2101","1":"product","2":"type-product","3":"status-publish","4":"has-post-thumbnail","6":"product_cat-testes-logiciels","8":"first","9":"instock","10":"taxable","11":"shipping-taxable","12":"product-type-simple"},"_links":{"self":[{"href":"https:\/\/consord.tn\/index.php\/wp-json\/wp\/v2\/product\/2101","targetHints":{"allow":["GET"]}}],"collection":[{"href":"https:\/\/consord.tn\/index.php\/wp-json\/wp\/v2\/product"}],"about":[{"href":"https:\/\/consord.tn\/index.php\/wp-json\/wp\/v2\/types\/product"}],"replies":[{"embeddable":true,"href":"https:\/\/consord.tn\/index.php\/wp-json\/wp\/v2\/comments?post=2101"}],"wp:featuredmedia":[{"embeddable":true,"href":"https:\/\/consord.tn\/index.php\/wp-json\/wp\/v2\/media\/946"}],"wp:attachment":[{"href":"https:\/\/consord.tn\/index.php\/wp-json\/wp\/v2\/media?parent=2101"}],"wp:term":[{"taxonomy":"product_brand","embeddable":true,"href":"https:\/\/consord.tn\/index.php\/wp-json\/wp\/v2\/product_brand?post=2101"},{"taxonomy":"product_cat","embeddable":true,"href":"https:\/\/consord.tn\/index.php\/wp-json\/wp\/v2\/product_cat?post=2101"},{"taxonomy":"product_tag","embeddable":true,"href":"https:\/\/consord.tn\/index.php\/wp-json\/wp\/v2\/product_tag?post=2101"}],"curies":[{"name":"wp","href":"https:\/\/api.w.org\/{rel}","templated":true}]}}