{"id":2110,"date":"2021-12-03T22:26:24","date_gmt":"2021-12-03T22:26:24","guid":{"rendered":"https:\/\/consord.tn\/?post_type=product&#038;p=2110"},"modified":"2021-12-04T10:00:52","modified_gmt":"2021-12-04T10:00:52","slug":"istqb-niveau-avance-testeur-automaticien","status":"publish","type":"product","link":"https:\/\/consord.tn\/index.php\/product\/istqb-niveau-avance-testeur-automaticien\/","title":{"rendered":"ISTQB Niveau Avanc\u00e9 Testeur Automaticien"},"content":{"rendered":"<p>A l&#8217;issue de cette formation, le participant sera capable de : D\u00e9finir et mettre en \u0153uvre une architecture d&#8217;automatisation pour g\u00e9rer un projet d&#8217;automatisation depuis la d\u00e9finition initiale des besoins jusqu&#8217;\u00e0 l&#8217;am\u00e9lioration continue de la solution. Cela inclura l&#8217;am\u00e9lioration continue du syst\u00e8me en cours de test.<\/p>\n","protected":false},"excerpt":{"rendered":"<p>A l&#8217;issue de cette formation, le participant sera capable de : D\u00e9finir et mettre en \u0153uvre une architecture d&#8217;automatisation pour g\u00e9rer un projet d&#8217;automatisation depuis la d\u00e9finition initiale des besoins jusqu&#8217;\u00e0 l&#8217;am\u00e9lioration continue de la solution. Cela inclura l&#8217;am\u00e9lioration continue du syst\u00e8me en cours de test.<\/p>\n","protected":false},"featured_media":739,"comment_status":"open","ping_status":"closed","template":"","meta":{"_et_pb_use_builder":"","_et_pb_old_content":"","_et_gb_content_width":""},"product_brand":[],"product_cat":[261],"product_tag":[],"class_list":{"0":"post-2110","1":"product","2":"type-product","3":"status-publish","4":"has-post-thumbnail","6":"product_cat-testes-logiciels","8":"first","9":"instock","10":"taxable","11":"shipping-taxable","12":"product-type-simple"},"_links":{"self":[{"href":"https:\/\/consord.tn\/index.php\/wp-json\/wp\/v2\/product\/2110","targetHints":{"allow":["GET"]}}],"collection":[{"href":"https:\/\/consord.tn\/index.php\/wp-json\/wp\/v2\/product"}],"about":[{"href":"https:\/\/consord.tn\/index.php\/wp-json\/wp\/v2\/types\/product"}],"replies":[{"embeddable":true,"href":"https:\/\/consord.tn\/index.php\/wp-json\/wp\/v2\/comments?post=2110"}],"wp:featuredmedia":[{"embeddable":true,"href":"https:\/\/consord.tn\/index.php\/wp-json\/wp\/v2\/media\/739"}],"wp:attachment":[{"href":"https:\/\/consord.tn\/index.php\/wp-json\/wp\/v2\/media?parent=2110"}],"wp:term":[{"taxonomy":"product_brand","embeddable":true,"href":"https:\/\/consord.tn\/index.php\/wp-json\/wp\/v2\/product_brand?post=2110"},{"taxonomy":"product_cat","embeddable":true,"href":"https:\/\/consord.tn\/index.php\/wp-json\/wp\/v2\/product_cat?post=2110"},{"taxonomy":"product_tag","embeddable":true,"href":"https:\/\/consord.tn\/index.php\/wp-json\/wp\/v2\/product_tag?post=2110"}],"curies":[{"name":"wp","href":"https:\/\/api.w.org\/{rel}","templated":true}]}}