{"id":2113,"date":"2021-12-03T22:31:31","date_gmt":"2021-12-03T22:31:31","guid":{"rendered":"https:\/\/consord.tn\/?post_type=product&#038;p=2113"},"modified":"2021-12-03T22:31:31","modified_gmt":"2021-12-03T22:31:31","slug":"istqb-niveau-avance-testeur-securite","status":"publish","type":"product","link":"https:\/\/consord.tn\/index.php\/product\/istqb-niveau-avance-testeur-securite\/","title":{"rendered":"ISTQB Niveau Avanc\u00e9 Testeur S\u00e9curit\u00e9"},"content":{"rendered":"<p>Pr\u00e9parer le candidat \u00e0 l&#8217;examen de testeur de s\u00e9curit\u00e9 certifi\u00e9 ISTQB. Ce livre vous apprendra tout ce que vous devez savoir pour r\u00e9ussir l&#8217;examen, quelle que soit votre formation en s\u00e9curit\u00e9 de l&#8217;information.<\/p>\n","protected":false},"excerpt":{"rendered":"<p>Pr\u00e9parer le candidat \u00e0 l&#8217;examen de testeur de s\u00e9curit\u00e9 certifi\u00e9 ISTQB. Ce livre vous apprendra tout ce que vous devez savoir pour r\u00e9ussir l&#8217;examen, quelle que soit votre formation en s\u00e9curit\u00e9 de l&#8217;information.<\/p>\n","protected":false},"featured_media":1937,"comment_status":"open","ping_status":"closed","template":"","meta":{"_et_pb_use_builder":"","_et_pb_old_content":"","_et_gb_content_width":""},"product_brand":[],"product_cat":[261],"product_tag":[],"class_list":{"0":"post-2113","1":"product","2":"type-product","3":"status-publish","4":"has-post-thumbnail","6":"product_cat-testes-logiciels","8":"first","9":"instock","10":"taxable","11":"shipping-taxable","12":"product-type-simple"},"_links":{"self":[{"href":"https:\/\/consord.tn\/index.php\/wp-json\/wp\/v2\/product\/2113","targetHints":{"allow":["GET"]}}],"collection":[{"href":"https:\/\/consord.tn\/index.php\/wp-json\/wp\/v2\/product"}],"about":[{"href":"https:\/\/consord.tn\/index.php\/wp-json\/wp\/v2\/types\/product"}],"replies":[{"embeddable":true,"href":"https:\/\/consord.tn\/index.php\/wp-json\/wp\/v2\/comments?post=2113"}],"wp:featuredmedia":[{"embeddable":true,"href":"https:\/\/consord.tn\/index.php\/wp-json\/wp\/v2\/media\/1937"}],"wp:attachment":[{"href":"https:\/\/consord.tn\/index.php\/wp-json\/wp\/v2\/media?parent=2113"}],"wp:term":[{"taxonomy":"product_brand","embeddable":true,"href":"https:\/\/consord.tn\/index.php\/wp-json\/wp\/v2\/product_brand?post=2113"},{"taxonomy":"product_cat","embeddable":true,"href":"https:\/\/consord.tn\/index.php\/wp-json\/wp\/v2\/product_cat?post=2113"},{"taxonomy":"product_tag","embeddable":true,"href":"https:\/\/consord.tn\/index.php\/wp-json\/wp\/v2\/product_tag?post=2113"}],"curies":[{"name":"wp","href":"https:\/\/api.w.org\/{rel}","templated":true}]}}