{"id":2115,"date":"2021-12-03T22:34:28","date_gmt":"2021-12-03T22:34:28","guid":{"rendered":"https:\/\/consord.tn\/?post_type=product&#038;p=2115"},"modified":"2021-12-04T09:58:38","modified_gmt":"2021-12-04T09:58:38","slug":"istqb-test-dacceptation","status":"publish","type":"product","link":"https:\/\/consord.tn\/index.php\/product\/istqb-test-dacceptation\/","title":{"rendered":"ISTQB Test d\u2019Acceptation"},"content":{"rendered":"<p>Toute personne impliqu\u00e9e dans les tests d&#8217;acceptation de logiciels et souhaitant am\u00e9liorer ses comp\u00e9tences devrait lire ce livre. Il vous aidera \u00e0 accro\u00eetre vos connaissances dans le domaine des tests d&#8217;acceptation de logiciels et \u00e0 faire passer vos comp\u00e9tences au niveau sup\u00e9rieur.<\/p>\n","protected":false},"excerpt":{"rendered":"<p>Toute personne impliqu\u00e9e dans les tests d&#8217;acceptation de logiciels et souhaitant am\u00e9liorer ses comp\u00e9tences devrait lire ce livre. Il vous aidera \u00e0 accro\u00eetre vos connaissances dans le domaine des tests d&#8217;acceptation de logiciels et \u00e0 faire passer vos comp\u00e9tences au niveau sup\u00e9rieur.<\/p>\n","protected":false},"featured_media":320,"comment_status":"open","ping_status":"closed","template":"","meta":{"_et_pb_use_builder":"","_et_pb_old_content":"","_et_gb_content_width":""},"product_brand":[],"product_cat":[261],"product_tag":[],"class_list":{"0":"post-2115","1":"product","2":"type-product","3":"status-publish","4":"has-post-thumbnail","6":"product_cat-testes-logiciels","8":"first","9":"instock","10":"taxable","11":"shipping-taxable","12":"product-type-simple"},"_links":{"self":[{"href":"https:\/\/consord.tn\/index.php\/wp-json\/wp\/v2\/product\/2115","targetHints":{"allow":["GET"]}}],"collection":[{"href":"https:\/\/consord.tn\/index.php\/wp-json\/wp\/v2\/product"}],"about":[{"href":"https:\/\/consord.tn\/index.php\/wp-json\/wp\/v2\/types\/product"}],"replies":[{"embeddable":true,"href":"https:\/\/consord.tn\/index.php\/wp-json\/wp\/v2\/comments?post=2115"}],"wp:featuredmedia":[{"embeddable":true,"href":"https:\/\/consord.tn\/index.php\/wp-json\/wp\/v2\/media\/320"}],"wp:attachment":[{"href":"https:\/\/consord.tn\/index.php\/wp-json\/wp\/v2\/media?parent=2115"}],"wp:term":[{"taxonomy":"product_brand","embeddable":true,"href":"https:\/\/consord.tn\/index.php\/wp-json\/wp\/v2\/product_brand?post=2115"},{"taxonomy":"product_cat","embeddable":true,"href":"https:\/\/consord.tn\/index.php\/wp-json\/wp\/v2\/product_cat?post=2115"},{"taxonomy":"product_tag","embeddable":true,"href":"https:\/\/consord.tn\/index.php\/wp-json\/wp\/v2\/product_tag?post=2115"}],"curies":[{"name":"wp","href":"https:\/\/api.w.org\/{rel}","templated":true}]}}