{"id":2121,"date":"2021-12-03T22:44:37","date_gmt":"2021-12-03T22:44:37","guid":{"rendered":"https:\/\/consord.tn\/?post_type=product&#038;p=2121"},"modified":"2021-12-03T22:44:38","modified_gmt":"2021-12-03T22:44:38","slug":"piloter-un-projet-avec-ms-project","status":"publish","type":"product","link":"https:\/\/consord.tn\/index.php\/product\/piloter-un-projet-avec-ms-project\/","title":{"rendered":"Piloter un projet avec MS-Project"},"content":{"rendered":"<p>Le logiciel de gestion de projet le plus important est Microsoft Project. Vous apprendrez \u00e0 planifier, \u00e0 \u00e9tablir et \u00e0 g\u00e9rer des calendriers et des budgets, \u00e0 ajouter des t\u00e2ches et \u00e0 d\u00e9finir des calendriers, ainsi qu&#8217;\u00e0 \u00e9tablir des contraintes et des d\u00e9lais. Apr\u00e8s la formation, vous serez en mesure de g\u00e9rer des projets, des ressources et des budgets, d&#8217;analyser et de communiquer les donn\u00e9es du projet.<\/p>\n","protected":false},"excerpt":{"rendered":"<p>Le logiciel de gestion de projet le plus important est Microsoft Project. Vous apprendrez \u00e0 planifier, \u00e0 \u00e9tablir et \u00e0 g\u00e9rer des calendriers et des budgets, \u00e0 ajouter des t\u00e2ches et \u00e0 d\u00e9finir des calendriers, ainsi qu&#8217;\u00e0 \u00e9tablir des contraintes et des d\u00e9lais. Apr\u00e8s la formation, vous serez en mesure de g\u00e9rer des projets, des [&hellip;]<\/p>\n","protected":false},"featured_media":727,"comment_status":"open","ping_status":"closed","template":"","meta":{"_et_pb_use_builder":"","_et_pb_old_content":"","_et_gb_content_width":""},"product_brand":[],"product_cat":[260],"product_tag":[],"class_list":{"0":"post-2121","1":"product","2":"type-product","3":"status-publish","4":"has-post-thumbnail","6":"product_cat-management-de-projets","8":"first","9":"instock","10":"taxable","11":"shipping-taxable","12":"product-type-simple"},"_links":{"self":[{"href":"https:\/\/consord.tn\/index.php\/wp-json\/wp\/v2\/product\/2121","targetHints":{"allow":["GET"]}}],"collection":[{"href":"https:\/\/consord.tn\/index.php\/wp-json\/wp\/v2\/product"}],"about":[{"href":"https:\/\/consord.tn\/index.php\/wp-json\/wp\/v2\/types\/product"}],"replies":[{"embeddable":true,"href":"https:\/\/consord.tn\/index.php\/wp-json\/wp\/v2\/comments?post=2121"}],"wp:featuredmedia":[{"embeddable":true,"href":"https:\/\/consord.tn\/index.php\/wp-json\/wp\/v2\/media\/727"}],"wp:attachment":[{"href":"https:\/\/consord.tn\/index.php\/wp-json\/wp\/v2\/media?parent=2121"}],"wp:term":[{"taxonomy":"product_brand","embeddable":true,"href":"https:\/\/consord.tn\/index.php\/wp-json\/wp\/v2\/product_brand?post=2121"},{"taxonomy":"product_cat","embeddable":true,"href":"https:\/\/consord.tn\/index.php\/wp-json\/wp\/v2\/product_cat?post=2121"},{"taxonomy":"product_tag","embeddable":true,"href":"https:\/\/consord.tn\/index.php\/wp-json\/wp\/v2\/product_tag?post=2121"}],"curies":[{"name":"wp","href":"https:\/\/api.w.org\/{rel}","templated":true}]}}