{"id":2125,"date":"2021-12-03T22:45:43","date_gmt":"2021-12-03T22:45:43","guid":{"rendered":"https:\/\/consord.tn\/?post_type=product&#038;p=2125"},"modified":"2021-12-03T22:45:43","modified_gmt":"2021-12-03T22:45:43","slug":"a4q-testeur-selenium","status":"publish","type":"product","link":"https:\/\/consord.tn\/index.php\/product\/a4q-testeur-selenium\/","title":{"rendered":"A4Q Testeur S\u00e9l\u00e9nium"},"content":{"rendered":"<p>Ce cours est con\u00e7u pour vous permettre de vous familiariser avec la nouvelle technologie la plus r\u00e9cente en mati\u00e8re de tests logiciels&#8230; SELENIUM ! Que vous soyez un professionnel exp\u00e9riment\u00e9 ou un d\u00e9butant, ce cours vous aidera \u00e0 d\u00e9velopper une solide compr\u00e9hension de ce qui rend Selenium si unique et puissant&#8230; et comment le mettre en \u0153uvre dans votre vie quotidienne.<\/p>\n","protected":false},"excerpt":{"rendered":"<p>Ce cours est con\u00e7u pour vous permettre de vous familiariser avec la nouvelle technologie la plus r\u00e9cente en mati\u00e8re de tests logiciels&#8230; SELENIUM ! Que vous soyez un professionnel exp\u00e9riment\u00e9 ou un d\u00e9butant, ce cours vous aidera \u00e0 d\u00e9velopper une solide compr\u00e9hension de ce qui rend Selenium si unique et puissant&#8230; et comment le mettre [&hellip;]<\/p>\n","protected":false},"featured_media":682,"comment_status":"open","ping_status":"closed","template":"","meta":{"_et_pb_use_builder":"","_et_pb_old_content":"","_et_gb_content_width":""},"product_brand":[],"product_cat":[261],"product_tag":[],"class_list":{"0":"post-2125","1":"product","2":"type-product","3":"status-publish","4":"has-post-thumbnail","6":"product_cat-testes-logiciels","8":"first","9":"instock","10":"taxable","11":"shipping-taxable","12":"product-type-simple"},"_links":{"self":[{"href":"https:\/\/consord.tn\/index.php\/wp-json\/wp\/v2\/product\/2125","targetHints":{"allow":["GET"]}}],"collection":[{"href":"https:\/\/consord.tn\/index.php\/wp-json\/wp\/v2\/product"}],"about":[{"href":"https:\/\/consord.tn\/index.php\/wp-json\/wp\/v2\/types\/product"}],"replies":[{"embeddable":true,"href":"https:\/\/consord.tn\/index.php\/wp-json\/wp\/v2\/comments?post=2125"}],"wp:featuredmedia":[{"embeddable":true,"href":"https:\/\/consord.tn\/index.php\/wp-json\/wp\/v2\/media\/682"}],"wp:attachment":[{"href":"https:\/\/consord.tn\/index.php\/wp-json\/wp\/v2\/media?parent=2125"}],"wp:term":[{"taxonomy":"product_brand","embeddable":true,"href":"https:\/\/consord.tn\/index.php\/wp-json\/wp\/v2\/product_brand?post=2125"},{"taxonomy":"product_cat","embeddable":true,"href":"https:\/\/consord.tn\/index.php\/wp-json\/wp\/v2\/product_cat?post=2125"},{"taxonomy":"product_tag","embeddable":true,"href":"https:\/\/consord.tn\/index.php\/wp-json\/wp\/v2\/product_tag?post=2125"}],"curies":[{"name":"wp","href":"https:\/\/api.w.org\/{rel}","templated":true}]}}