{"id":2127,"date":"2021-12-03T22:49:58","date_gmt":"2021-12-03T22:49:58","guid":{"rendered":"https:\/\/consord.tn\/?post_type=product&#038;p=2127"},"modified":"2021-12-03T22:49:58","modified_gmt":"2021-12-03T22:49:58","slug":"jira-pour-les-equipes-agiles","status":"publish","type":"product","link":"https:\/\/consord.tn\/index.php\/product\/jira-pour-les-equipes-agiles\/","title":{"rendered":"JIRA pour les \u00e9quipes Agiles"},"content":{"rendered":"<p>Avec la g\u00e9n\u00e9ralisation des m\u00e9thodes agiles, de nombreuses \u00e9quipes adoptent Scrum, la plus populaire d&#8217;entre elles, pour sa simplicit\u00e9 et sa flexibilit\u00e9. Avec cette formation, vous d\u00e9couvrirez les bases de cette m\u00e9thode, et serez \u00e9quip\u00e9 de tous les outils n\u00e9cessaires pour la ma\u00eetriser.<\/p>\n","protected":false},"excerpt":{"rendered":"<p>Avec la g\u00e9n\u00e9ralisation des m\u00e9thodes agiles, de nombreuses \u00e9quipes adoptent Scrum, la plus populaire d&#8217;entre elles, pour sa simplicit\u00e9 et sa flexibilit\u00e9. Avec cette formation, vous d\u00e9couvrirez les bases de cette m\u00e9thode, et serez \u00e9quip\u00e9 de tous les outils n\u00e9cessaires pour la ma\u00eetriser.<\/p>\n","protected":false},"featured_media":682,"comment_status":"open","ping_status":"closed","template":"","meta":{"_et_pb_use_builder":"","_et_pb_old_content":"","_et_gb_content_width":""},"product_brand":[],"product_cat":[260],"product_tag":[],"class_list":{"0":"post-2127","1":"product","2":"type-product","3":"status-publish","4":"has-post-thumbnail","6":"product_cat-management-de-projets","8":"first","9":"instock","10":"taxable","11":"shipping-taxable","12":"product-type-simple"},"_links":{"self":[{"href":"https:\/\/consord.tn\/index.php\/wp-json\/wp\/v2\/product\/2127","targetHints":{"allow":["GET"]}}],"collection":[{"href":"https:\/\/consord.tn\/index.php\/wp-json\/wp\/v2\/product"}],"about":[{"href":"https:\/\/consord.tn\/index.php\/wp-json\/wp\/v2\/types\/product"}],"replies":[{"embeddable":true,"href":"https:\/\/consord.tn\/index.php\/wp-json\/wp\/v2\/comments?post=2127"}],"wp:featuredmedia":[{"embeddable":true,"href":"https:\/\/consord.tn\/index.php\/wp-json\/wp\/v2\/media\/682"}],"wp:attachment":[{"href":"https:\/\/consord.tn\/index.php\/wp-json\/wp\/v2\/media?parent=2127"}],"wp:term":[{"taxonomy":"product_brand","embeddable":true,"href":"https:\/\/consord.tn\/index.php\/wp-json\/wp\/v2\/product_brand?post=2127"},{"taxonomy":"product_cat","embeddable":true,"href":"https:\/\/consord.tn\/index.php\/wp-json\/wp\/v2\/product_cat?post=2127"},{"taxonomy":"product_tag","embeddable":true,"href":"https:\/\/consord.tn\/index.php\/wp-json\/wp\/v2\/product_tag?post=2127"}],"curies":[{"name":"wp","href":"https:\/\/api.w.org\/{rel}","templated":true}]}}