{"id":2129,"date":"2021-12-03T22:48:16","date_gmt":"2021-12-03T22:48:16","guid":{"rendered":"https:\/\/consord.tn\/?post_type=product&#038;p=2129"},"modified":"2021-12-03T22:48:16","modified_gmt":"2021-12-03T22:48:16","slug":"automatisation-avec-testcomplete","status":"publish","type":"product","link":"https:\/\/consord.tn\/index.php\/product\/automatisation-avec-testcomplete\/","title":{"rendered":"Automatisation avec TestComplete"},"content":{"rendered":"<p>\u00c0 la fin de cette formation, vous serez en mesure de cr\u00e9er, enregistrer et ex\u00e9cuter des tests fonctionnels. Vous apprendrez \u00e9galement \u00e0 cr\u00e9er un cadre de test \u00e9volutif et maintenable. Vous apprendrez \u00e0 cr\u00e9er des points de contr\u00f4le, \u00e0 ajuster les tests pour plusieurs appareils, \u00e0 utiliser le langage de script de TestComplete et \u00e0 analyser les r\u00e9sultats des tests.<\/p>\n","protected":false},"excerpt":{"rendered":"<p>\u00c0 la fin de cette formation, vous serez en mesure de cr\u00e9er, enregistrer et ex\u00e9cuter des tests fonctionnels. Vous apprendrez \u00e9galement \u00e0 cr\u00e9er un cadre de test \u00e9volutif et maintenable. Vous apprendrez \u00e0 cr\u00e9er des points de contr\u00f4le, \u00e0 ajuster les tests pour plusieurs appareils, \u00e0 utiliser le langage de script de TestComplete et \u00e0 [&hellip;]<\/p>\n","protected":false},"featured_media":739,"comment_status":"open","ping_status":"closed","template":"","meta":{"_et_pb_use_builder":"","_et_pb_old_content":"","_et_gb_content_width":""},"product_brand":[],"product_cat":[261],"product_tag":[],"class_list":{"0":"post-2129","1":"product","2":"type-product","3":"status-publish","4":"has-post-thumbnail","6":"product_cat-testes-logiciels","8":"first","9":"instock","10":"taxable","11":"shipping-taxable","12":"product-type-simple"},"_links":{"self":[{"href":"https:\/\/consord.tn\/index.php\/wp-json\/wp\/v2\/product\/2129","targetHints":{"allow":["GET"]}}],"collection":[{"href":"https:\/\/consord.tn\/index.php\/wp-json\/wp\/v2\/product"}],"about":[{"href":"https:\/\/consord.tn\/index.php\/wp-json\/wp\/v2\/types\/product"}],"replies":[{"embeddable":true,"href":"https:\/\/consord.tn\/index.php\/wp-json\/wp\/v2\/comments?post=2129"}],"wp:featuredmedia":[{"embeddable":true,"href":"https:\/\/consord.tn\/index.php\/wp-json\/wp\/v2\/media\/739"}],"wp:attachment":[{"href":"https:\/\/consord.tn\/index.php\/wp-json\/wp\/v2\/media?parent=2129"}],"wp:term":[{"taxonomy":"product_brand","embeddable":true,"href":"https:\/\/consord.tn\/index.php\/wp-json\/wp\/v2\/product_brand?post=2129"},{"taxonomy":"product_cat","embeddable":true,"href":"https:\/\/consord.tn\/index.php\/wp-json\/wp\/v2\/product_cat?post=2129"},{"taxonomy":"product_tag","embeddable":true,"href":"https:\/\/consord.tn\/index.php\/wp-json\/wp\/v2\/product_tag?post=2129"}],"curies":[{"name":"wp","href":"https:\/\/api.w.org\/{rel}","templated":true}]}}