{"id":2132,"date":"2021-12-03T22:51:51","date_gmt":"2021-12-03T22:51:51","guid":{"rendered":"https:\/\/consord.tn\/?post_type=product&#038;p=2132"},"modified":"2021-12-03T22:51:51","modified_gmt":"2021-12-03T22:51:51","slug":"maitriser-squashtm","status":"publish","type":"product","link":"https:\/\/consord.tn\/index.php\/product\/maitriser-squashtm\/","title":{"rendered":"Maitriser SquashTM"},"content":{"rendered":"<p>Vous apprendrez \u00e0 utiliser efficacement Squash TM pour automatiser des t\u00e2ches r\u00e9p\u00e9titives. Cela inclut l&#8217;utilisation des boucles, des branches et de l&#8217;ex\u00e9cution conditionnelle. Vous apprendrez \u00e9galement les diff\u00e9rentes mani\u00e8res de mettre en \u0153uvre l&#8217;automatisation dans votre propre travail. Enfin, vous comprendrez toutes les possibilit\u00e9s d&#8217;automatisation offertes par Squash TM.<\/p>\n","protected":false},"excerpt":{"rendered":"<p>Vous apprendrez \u00e0 utiliser efficacement Squash TM pour automatiser des t\u00e2ches r\u00e9p\u00e9titives. Cela inclut l&#8217;utilisation des boucles, des branches et de l&#8217;ex\u00e9cution conditionnelle. Vous apprendrez \u00e9galement les diff\u00e9rentes mani\u00e8res de mettre en \u0153uvre l&#8217;automatisation dans votre propre travail. Enfin, vous comprendrez toutes les possibilit\u00e9s d&#8217;automatisation offertes par Squash TM.<\/p>\n","protected":false},"featured_media":694,"comment_status":"open","ping_status":"closed","template":"","meta":{"_et_pb_use_builder":"","_et_pb_old_content":"","_et_gb_content_width":""},"product_brand":[],"product_cat":[261],"product_tag":[],"class_list":{"0":"post-2132","1":"product","2":"type-product","3":"status-publish","4":"has-post-thumbnail","6":"product_cat-testes-logiciels","8":"first","9":"instock","10":"taxable","11":"shipping-taxable","12":"product-type-simple"},"_links":{"self":[{"href":"https:\/\/consord.tn\/index.php\/wp-json\/wp\/v2\/product\/2132","targetHints":{"allow":["GET"]}}],"collection":[{"href":"https:\/\/consord.tn\/index.php\/wp-json\/wp\/v2\/product"}],"about":[{"href":"https:\/\/consord.tn\/index.php\/wp-json\/wp\/v2\/types\/product"}],"replies":[{"embeddable":true,"href":"https:\/\/consord.tn\/index.php\/wp-json\/wp\/v2\/comments?post=2132"}],"wp:featuredmedia":[{"embeddable":true,"href":"https:\/\/consord.tn\/index.php\/wp-json\/wp\/v2\/media\/694"}],"wp:attachment":[{"href":"https:\/\/consord.tn\/index.php\/wp-json\/wp\/v2\/media?parent=2132"}],"wp:term":[{"taxonomy":"product_brand","embeddable":true,"href":"https:\/\/consord.tn\/index.php\/wp-json\/wp\/v2\/product_brand?post=2132"},{"taxonomy":"product_cat","embeddable":true,"href":"https:\/\/consord.tn\/index.php\/wp-json\/wp\/v2\/product_cat?post=2132"},{"taxonomy":"product_tag","embeddable":true,"href":"https:\/\/consord.tn\/index.php\/wp-json\/wp\/v2\/product_tag?post=2132"}],"curies":[{"name":"wp","href":"https:\/\/api.w.org\/{rel}","templated":true}]}}