{"id":2134,"date":"2021-12-03T22:55:53","date_gmt":"2021-12-03T22:55:53","guid":{"rendered":"https:\/\/consord.tn\/?post_type=product&#038;p=2134"},"modified":"2021-12-03T22:55:54","modified_gmt":"2021-12-03T22:55:54","slug":"administration-jira","status":"publish","type":"product","link":"https:\/\/consord.tn\/index.php\/product\/administration-jira\/","title":{"rendered":"Administration JIRA"},"content":{"rendered":"<p>Il s&#8217;agit du cours sur Jira le plus complet et le plus \u00e0 jour disponible sur le march\u00e9. Vous d\u00e9couvrirez tous les secrets des initi\u00e9s sur la fa\u00e7on de configurer Jira pour r\u00e9pondre aux besoins sp\u00e9cifiques de votre entreprise et sur la fa\u00e7on d&#8217;utiliser la puissance impressionnante de cet outil pour cr\u00e9er un environnement surcharg\u00e9 qui vous permettra de produire des r\u00e9sultats de classe mondiale. Vous quitterez ces deux jours de formation avec une vision claire de la mani\u00e8re de r\u00e9soudre vos probl\u00e8mes via la mise en \u0153uvre de projets dans Jira.<\/p>\n","protected":false},"excerpt":{"rendered":"<p>Il s&#8217;agit du cours sur Jira le plus complet et le plus \u00e0 jour disponible sur le march\u00e9. Vous d\u00e9couvrirez tous les secrets des initi\u00e9s sur la fa\u00e7on de configurer Jira pour r\u00e9pondre aux besoins sp\u00e9cifiques de votre entreprise et sur la fa\u00e7on d&#8217;utiliser la puissance impressionnante de cet outil pour cr\u00e9er un environnement surcharg\u00e9 [&hellip;]<\/p>\n","protected":false},"featured_media":694,"comment_status":"open","ping_status":"closed","template":"","meta":{"_et_pb_use_builder":"","_et_pb_old_content":"","_et_gb_content_width":""},"product_brand":[],"product_cat":[260],"product_tag":[],"class_list":{"0":"post-2134","1":"product","2":"type-product","3":"status-publish","4":"has-post-thumbnail","6":"product_cat-management-de-projets","8":"first","9":"instock","10":"taxable","11":"shipping-taxable","12":"product-type-simple"},"_links":{"self":[{"href":"https:\/\/consord.tn\/index.php\/wp-json\/wp\/v2\/product\/2134","targetHints":{"allow":["GET"]}}],"collection":[{"href":"https:\/\/consord.tn\/index.php\/wp-json\/wp\/v2\/product"}],"about":[{"href":"https:\/\/consord.tn\/index.php\/wp-json\/wp\/v2\/types\/product"}],"replies":[{"embeddable":true,"href":"https:\/\/consord.tn\/index.php\/wp-json\/wp\/v2\/comments?post=2134"}],"wp:featuredmedia":[{"embeddable":true,"href":"https:\/\/consord.tn\/index.php\/wp-json\/wp\/v2\/media\/694"}],"wp:attachment":[{"href":"https:\/\/consord.tn\/index.php\/wp-json\/wp\/v2\/media?parent=2134"}],"wp:term":[{"taxonomy":"product_brand","embeddable":true,"href":"https:\/\/consord.tn\/index.php\/wp-json\/wp\/v2\/product_brand?post=2134"},{"taxonomy":"product_cat","embeddable":true,"href":"https:\/\/consord.tn\/index.php\/wp-json\/wp\/v2\/product_cat?post=2134"},{"taxonomy":"product_tag","embeddable":true,"href":"https:\/\/consord.tn\/index.php\/wp-json\/wp\/v2\/product_tag?post=2134"}],"curies":[{"name":"wp","href":"https:\/\/api.w.org\/{rel}","templated":true}]}}