{"id":2168,"date":"2024-02-24T09:26:06","date_gmt":"2024-02-24T09:26:06","guid":{"rendered":"https:\/\/consord.tn\/?post_type=product&#038;p=2168"},"modified":"2024-02-24T15:25:17","modified_gmt":"2024-02-24T15:25:17","slug":"la-business-analysis-en-pratique-focus-sur-lexpression-des-besoins-pour-le-systeme-dinformation","status":"publish","type":"product","link":"https:\/\/consord.tn\/index.php\/product\/la-business-analysis-en-pratique-focus-sur-lexpression-des-besoins-pour-le-systeme-dinformation\/","title":{"rendered":"La Business analysis en pratique : Focus sur l\u2019expression des Besoins pour le Syst\u00e8me d\u2019Information"},"content":{"rendered":"","protected":false},"excerpt":{"rendered":"<p>Cette formation couvrira des aspects fondamentaux tels que la mod\u00e9lisation des processus d&#8217;affaires, l&#8217;analyse des besoins, et d&#8217;autres comp\u00e9tences cl\u00e9s <span class=\"il\">en<\/span>\u00a0<span class=\"il\">business<\/span>\u00a0<span class=\"il\">analysis<\/span>.<\/p>\n","protected":false},"featured_media":2176,"comment_status":"open","ping_status":"closed","template":"","meta":{"_et_pb_use_builder":"","_et_pb_old_content":"","_et_gb_content_width":""},"product_brand":[],"product_cat":[61],"product_tag":[],"class_list":{"0":"post-2168","1":"product","2":"type-product","3":"status-publish","4":"has-post-thumbnail","6":"product_cat-systemes-dinformation-informatique","8":"first","9":"onbackorder","10":"taxable","11":"shipping-taxable","12":"purchasable","13":"product-type-simple"},"_links":{"self":[{"href":"https:\/\/consord.tn\/index.php\/wp-json\/wp\/v2\/product\/2168","targetHints":{"allow":["GET"]}}],"collection":[{"href":"https:\/\/consord.tn\/index.php\/wp-json\/wp\/v2\/product"}],"about":[{"href":"https:\/\/consord.tn\/index.php\/wp-json\/wp\/v2\/types\/product"}],"replies":[{"embeddable":true,"href":"https:\/\/consord.tn\/index.php\/wp-json\/wp\/v2\/comments?post=2168"}],"wp:featuredmedia":[{"embeddable":true,"href":"https:\/\/consord.tn\/index.php\/wp-json\/wp\/v2\/media\/2176"}],"wp:attachment":[{"href":"https:\/\/consord.tn\/index.php\/wp-json\/wp\/v2\/media?parent=2168"}],"wp:term":[{"taxonomy":"product_brand","embeddable":true,"href":"https:\/\/consord.tn\/index.php\/wp-json\/wp\/v2\/product_brand?post=2168"},{"taxonomy":"product_cat","embeddable":true,"href":"https:\/\/consord.tn\/index.php\/wp-json\/wp\/v2\/product_cat?post=2168"},{"taxonomy":"product_tag","embeddable":true,"href":"https:\/\/consord.tn\/index.php\/wp-json\/wp\/v2\/product_tag?post=2168"}],"curies":[{"name":"wp","href":"https:\/\/api.w.org\/{rel}","templated":true}]}}