{"id":932,"date":"2021-09-04T00:32:48","date_gmt":"2021-09-04T00:32:48","guid":{"rendered":"https:\/\/silly-tharp.51-68-189-225.plesk.page\/?post_type=product&#038;p=932"},"modified":"2021-11-30T21:44:27","modified_gmt":"2021-11-30T21:44:27","slug":"prince2-practitioner","status":"publish","type":"product","link":"https:\/\/consord.tn\/index.php\/product\/prince2-practitioner\/","title":{"rendered":"PRINCE2\u00ae Practitioner"},"content":{"rendered":"<p><strong>Cette formation est \u00e9ligible au CPF : si vous souhaitez b\u00e9n\u00e9ficier de ce mode de financement, il vous suffit de cliquer sur le nom de la ville ou de la classe \u00e0 distance ci-dessous. Vous serez alors redirig\u00e9 pour vous inscrire sur moncompteformation.gouv.fr.<\/strong><\/p>\n<p class=\"CPFIntro\">Cette formation est \u00e9ligible au CPF pour tous les salari\u00e9s et demandeurs d&#8217;emploi au niveau national. Nom de la certification : PRINCE2<sup>\u00ae<\/sup>\u00a0Gestion de Projet Niveau praticien. Code CPF : 235499. En savoir plus : https:\/\/www.moncompteformation.gouv.fr.<\/p>\n<p>La certification individuelle &#8220;PRINCE2\u00ae Practitioner&#8221; est le second et dernier niveau de certification PRINCE2\u00ae. Elle n&#8217;est accessible qu&#8217;aux personnes d\u00e9j\u00e0 certifi\u00e9es au niveau Foundation.<\/p>\n<p>Cegos est responsable de la pr\u00e9paration \u00e0 la certification, et assure l\u2019administration de l\u2019examen, en parfaite conformit\u00e9 avec les exigences de PEOPLECERT. PEOPLECERT est l&#8217;organisateur de l\u2019examen, assure la correction des feuilles d\u2019examen, et d\u00e9livre la certification.<\/p>\n<p>&nbsp;<\/p>\n<p>PRINCE2<sup>\u00ae<\/sup>\u00a0est une marque d\u00e9pos\u00e9e d\u2019AXELOS Limited, utilis\u00e9e avec l\u2019autorisation d\u2019AXELOS Limited. Tous droits r\u00e9serv\u00e9s.<\/p>\n","protected":false},"excerpt":{"rendered":"<h6 class=\"product__subtitle\">Acqu\u00e9rir la certification PRINCE2\u00ae Practitioner<\/h6>\n<div class=\"rating__image\"><\/div>\n","protected":false},"featured_media":935,"comment_status":"open","ping_status":"closed","template":"","meta":{"_et_pb_use_builder":"","_et_pb_old_content":"","_et_gb_content_width":""},"product_brand":[],"product_cat":[61],"product_tag":[],"class_list":{"0":"post-932","1":"product","2":"type-product","3":"status-publish","4":"has-post-thumbnail","6":"product_cat-systemes-dinformation-informatique","8":"first","9":"instock","10":"taxable","11":"shipping-taxable","12":"product-type-variable"},"_links":{"self":[{"href":"https:\/\/consord.tn\/index.php\/wp-json\/wp\/v2\/product\/932","targetHints":{"allow":["GET"]}}],"collection":[{"href":"https:\/\/consord.tn\/index.php\/wp-json\/wp\/v2\/product"}],"about":[{"href":"https:\/\/consord.tn\/index.php\/wp-json\/wp\/v2\/types\/product"}],"replies":[{"embeddable":true,"href":"https:\/\/consord.tn\/index.php\/wp-json\/wp\/v2\/comments?post=932"}],"wp:featuredmedia":[{"embeddable":true,"href":"https:\/\/consord.tn\/index.php\/wp-json\/wp\/v2\/media\/935"}],"wp:attachment":[{"href":"https:\/\/consord.tn\/index.php\/wp-json\/wp\/v2\/media?parent=932"}],"wp:term":[{"taxonomy":"product_brand","embeddable":true,"href":"https:\/\/consord.tn\/index.php\/wp-json\/wp\/v2\/product_brand?post=932"},{"taxonomy":"product_cat","embeddable":true,"href":"https:\/\/consord.tn\/index.php\/wp-json\/wp\/v2\/product_cat?post=932"},{"taxonomy":"product_tag","embeddable":true,"href":"https:\/\/consord.tn\/index.php\/wp-json\/wp\/v2\/product_tag?post=932"}],"curies":[{"name":"wp","href":"https:\/\/api.w.org\/{rel}","templated":true}]}}