{"id":948,"date":"2021-09-04T00:48:26","date_gmt":"2021-09-04T00:48:26","guid":{"rendered":"https:\/\/silly-tharp.51-68-189-225.plesk.page\/?post_type=product&#038;p=948"},"modified":"2021-11-30T21:44:27","modified_gmt":"2021-11-30T21:44:27","slug":"tout-pour-animer-vos-reunions-de-creativite-2","status":"publish","type":"product","link":"https:\/\/consord.tn\/index.php\/product\/tout-pour-animer-vos-reunions-de-creativite-2\/","title":{"rendered":"Innover avec le Design Thinking"},"content":{"rendered":"<p><strong>Cette formation est \u00e9ligible au CPF : si vous souhaitez b\u00e9n\u00e9ficier de ce mode de financement, il vous suffit de choisir ci-dessous la ville ou la classe \u00e0 distance qui vous convient. Vous serez alors redirig\u00e9 pour vous inscrire sur moncompteformation.gouv.fr.<\/strong><\/p>\n<p>Cette formation certifiante est \u00e9ligible au CPF\u00a0car elle est adoss\u00e9e \u00e0 la Certification partielle 4 : R\u00e9soudre les probl\u00e8mes, au sein de la certification globale : Management du changement et de la transformation. Code CPF : 236823<\/p>\n<p>Dans le cadre d\u2019un financement de la formation par le CPF, le passage de l\u2019examen de certification \u00e0 distance est requis (sans condition de r\u00e9ussite). L&#8217;examen est accessible d\u00e8s l&#8217;issue du pr\u00e9sentiel.<\/p>\n<p>Le design thinking est une d\u00e9marche d&#8217;innovation\u00a0d\u2019origine californienne qui consiste \u00e0 s\u2019inspirer du mode de pens\u00e9e des designers pour innover dans tous les domaines. C\u2019est une approche o\u00f9 tout est concentr\u00e9 vers l\u2019action, la mise en \u0153uvre op\u00e9rationnelle et le test des id\u00e9es, dans le but d\u2019apporter la meilleure valeur possible \u00e0 des utilisateurs.<\/p>\n<p>La d\u00e9marche de design thinking repose sur 3 piliers :<\/p>\n<ul>\n<li>l&#8217;empathie pour mettre le client au c\u0153ur de l&#8217;innovation, d\u00e9tecter ses motivations profondes et anticiper ses besoins ;<\/li>\n<li>la cr\u00e9ativit\u00e9 pour rechercher des id\u00e9es originales satisfaisant r\u00e9ellement les besoins du client ;<\/li>\n<li>le prototypage pour acc\u00e9l\u00e9rer la courbe d&#8217;apprentissage, confronter le client rapidement aux solutions propos\u00e9es et r\u00e9duire les risques.<\/li>\n<\/ul>\n<p><strong>Cette formation est tr\u00e8s recommand\u00e9e en Intra pour les projets de transformation d\u2019une entreprise ou d\u2019une organisation du secteur public.<\/strong><\/p>\n","protected":false},"excerpt":{"rendered":"<h6 class=\"product__subtitle\">Mettre le client au c\u0153ur de l&#8217;innovation<\/h6>\n<div class=\"rating__image\"><\/div>\n<div class=\"rating__image\"><\/div>\n","protected":false},"featured_media":952,"comment_status":"open","ping_status":"closed","template":"","meta":{"_et_pb_use_builder":"","_et_pb_old_content":"","_et_gb_content_width":""},"product_brand":[],"product_cat":[62],"product_tag":[],"class_list":{"0":"post-948","1":"product","2":"type-product","3":"status-publish","4":"has-post-thumbnail","6":"product_cat-innovation-creativite","8":"first","9":"instock","10":"taxable","11":"shipping-taxable","12":"product-type-variable"},"_links":{"self":[{"href":"https:\/\/consord.tn\/index.php\/wp-json\/wp\/v2\/product\/948","targetHints":{"allow":["GET"]}}],"collection":[{"href":"https:\/\/consord.tn\/index.php\/wp-json\/wp\/v2\/product"}],"about":[{"href":"https:\/\/consord.tn\/index.php\/wp-json\/wp\/v2\/types\/product"}],"replies":[{"embeddable":true,"href":"https:\/\/consord.tn\/index.php\/wp-json\/wp\/v2\/comments?post=948"}],"wp:featuredmedia":[{"embeddable":true,"href":"https:\/\/consord.tn\/index.php\/wp-json\/wp\/v2\/media\/952"}],"wp:attachment":[{"href":"https:\/\/consord.tn\/index.php\/wp-json\/wp\/v2\/media?parent=948"}],"wp:term":[{"taxonomy":"product_brand","embeddable":true,"href":"https:\/\/consord.tn\/index.php\/wp-json\/wp\/v2\/product_brand?post=948"},{"taxonomy":"product_cat","embeddable":true,"href":"https:\/\/consord.tn\/index.php\/wp-json\/wp\/v2\/product_cat?post=948"},{"taxonomy":"product_tag","embeddable":true,"href":"https:\/\/consord.tn\/index.php\/wp-json\/wp\/v2\/product_tag?post=948"}],"curies":[{"name":"wp","href":"https:\/\/api.w.org\/{rel}","templated":true}]}}